{"id":849,"date":"2022-11-17T17:00:23","date_gmt":"2022-11-17T17:00:23","guid":{"rendered":"http:\/\/s915691574.onlinehome.us\/?page_id=849"},"modified":"2024-11-14T16:22:46","modified_gmt":"2024-11-14T16:22:46","slug":"duck","status":"publish","type":"page","link":"https:\/\/duram.co.il\/de\/products\/picking-fingers\/duck\/","title":{"rendered":"Ente"},"content":{"rendered":"<div data-elementor-type=\"wp-page\" data-elementor-id=\"849\" class=\"elementor elementor-849\" data-elementor-post-type=\"page\">\n\t\t\t\t\t\t<section class=\"elementor-section elementor-top-section elementor-element elementor-element-4c24c22 elementor-section-content-middle elementor-section-boxed elementor-section-height-default elementor-section-height-default\" data-id=\"4c24c22\" data-element_type=\"section\" data-e-type=\"section\" data-settings=\"{&quot;background_background&quot;:&quot;classic&quot;,&quot;shape_divider_bottom&quot;:&quot;waves&quot;,&quot;shape_divider_top&quot;:&quot;waves&quot;}\">\n\t\t\t\t\t\t\t<div class=\"elementor-background-overlay\"><\/div>\n\t\t\t\t\t\t<div class=\"elementor-shape elementor-shape-top\" aria-hidden=\"true\" data-negative=\"false\">\n\t\t\t<svg xmlns=\"http:\/\/www.w3.org\/2000\/svg\" viewbox=\"0 0 1000 100\" preserveaspectratio=\"none\">\n\t<path class=\"elementor-shape-fill\" d=\"M421.9,6.5c22.6-2.5,51.5,0.4,75.5,5.3c23.6,4.9,70.9,23.5,100.5,35.7c75.8,32.2,133.7,44.5,192.6,49.7\tc23.6,2.1,48.7,3.5,103.4-2.5c54.7-6,106.2-25.6,106.2-25.6V0H0v30.3c0,0,72,32.6,158.4,30.5c39.2-0.7,92.8-6.7,134-22.4\tc21.2-8.1,52.2-18.2,79.7-24.2C399.3,7.9,411.6,7.5,421.9,6.5z\"\/>\n<\/svg>\t\t<\/div>\n\t\t\t\t<div class=\"elementor-shape elementor-shape-bottom\" aria-hidden=\"true\" data-negative=\"false\">\n\t\t\t<svg xmlns=\"http:\/\/www.w3.org\/2000\/svg\" viewbox=\"0 0 1000 100\" preserveaspectratio=\"none\">\n\t<path class=\"elementor-shape-fill\" d=\"M421.9,6.5c22.6-2.5,51.5,0.4,75.5,5.3c23.6,4.9,70.9,23.5,100.5,35.7c75.8,32.2,133.7,44.5,192.6,49.7\tc23.6,2.1,48.7,3.5,103.4-2.5c54.7-6,106.2-25.6,106.2-25.6V0H0v30.3c0,0,72,32.6,158.4,30.5c39.2-0.7,92.8-6.7,134-22.4\tc21.2-8.1,52.2-18.2,79.7-24.2C399.3,7.9,411.6,7.5,421.9,6.5z\"\/>\n<\/svg>\t\t<\/div>\n\t\t\t\t\t<div class=\"elementor-container elementor-column-gap-default\">\n\t\t\t\t\t<div class=\"elementor-column elementor-col-66 elementor-top-column elementor-element elementor-element-fa9ea6c\" data-id=\"fa9ea6c\" data-element_type=\"column\" data-e-type=\"column\">\n\t\t\t<div class=\"elementor-widget-wrap elementor-element-populated\">\n\t\t\t\t\t\t<div class=\"elementor-element elementor-element-6f5f7ef elementor-widget elementor-widget-breadcrumbs\" data-id=\"6f5f7ef\" data-element_type=\"widget\" data-e-type=\"widget\" data-widget_type=\"breadcrumbs.default\">\n\t\t\t\t<div class=\"elementor-widget-container\">\n\t\t\t\t\t<p id=\"breadcrumbs\"><span><span><a href=\"https:\/\/duram.co.il\/de\/\">Startseite<\/a><\/span><\/span><\/p>\t\t\t\t<\/div>\n\t\t\t\t<\/div>\n\t\t\t\t<div class=\"elementor-element elementor-element-10611da elementor-widget elementor-widget-heading\" data-id=\"10611da\" data-element_type=\"widget\" data-e-type=\"widget\" data-widget_type=\"heading.default\">\n\t\t\t\t<div class=\"elementor-widget-container\">\n\t\t\t\t\t<h2 class=\"elementor-heading-title elementor-size-default\">Ente<\/h2>\t\t\t\t<\/div>\n\t\t\t\t<\/div>\n\t\t\t\t\t<\/div>\n\t\t<\/div>\n\t\t\t\t<div class=\"elementor-column elementor-col-33 elementor-top-column elementor-element elementor-element-805cef5\" data-id=\"805cef5\" data-element_type=\"column\" data-e-type=\"column\" data-settings=\"{&quot;background_background&quot;:&quot;classic&quot;}\">\n\t\t\t<div class=\"elementor-widget-wrap elementor-element-populated\">\n\t\t\t\t\t\t<div class=\"elementor-element elementor-element-19f5a91 elementor-widget elementor-widget-image\" data-id=\"19f5a91\" data-element_type=\"widget\" data-e-type=\"widget\" data-widget_type=\"image.default\">\n\t\t\t\t<div class=\"elementor-widget-container\">\n\t\t\t\t\t\t\t\t\t\t\t\t\t\t\t<img decoding=\"async\" src=\"https:\/\/duram.co.il\/wp-content\/uploads\/elementor\/thumbs\/duck-pxus46dl0rs2a8qps86qfeav8o4hb9elvvi7gv7olc.jpg\" title=\"Ente\" alt=\"duck\" loading=\"lazy\" \/>\t\t\t\t\t\t\t\t\t\t\t\t\t\t\t<\/div>\n\t\t\t\t<\/div>\n\t\t\t\t\t<\/div>\n\t\t<\/div>\n\t\t\t\t\t<\/div>\n\t\t<\/section>\n\t\t\t\t<section class=\"elementor-section elementor-top-section elementor-element elementor-element-0231fcd elementor-section-content-middle elementor-section-boxed elementor-section-height-default elementor-section-height-default\" data-id=\"0231fcd\" data-element_type=\"section\" data-e-type=\"section\">\n\t\t\t\t\t\t<div class=\"elementor-container elementor-column-gap-default\">\n\t\t\t\t\t<div class=\"elementor-column elementor-col-100 elementor-top-column elementor-element elementor-element-2641e33\" data-id=\"2641e33\" data-element_type=\"column\" data-e-type=\"column\">\n\t\t\t<div class=\"elementor-widget-wrap elementor-element-populated\">\n\t\t\t\t\t\t<div class=\"elementor-element elementor-element-42284e0 elementor-widget elementor-widget-heading\" data-id=\"42284e0\" data-element_type=\"widget\" data-e-type=\"widget\" data-widget_type=\"heading.default\">\n\t\t\t\t<div class=\"elementor-widget-container\">\n\t\t\t\t\t<h2 class=\"elementor-heading-title elementor-size-default\">Effiziente Leistung und lange Dauer<\/h2>\t\t\t\t<\/div>\n\t\t\t\t<\/div>\n\t\t\t\t<div class=\"elementor-element elementor-element-e8018f9 elementor-widget elementor-widget-text-editor\" data-id=\"e8018f9\" data-element_type=\"widget\" data-e-type=\"widget\" data-widget_type=\"text-editor.default\">\n\t\t\t\t<div class=\"elementor-widget-container\">\n\t\t\t\t\t\t\t\t\t<p>Duram Rubber Products ist einer der f\u00fchrenden Hersteller von Rupffingern f\u00fcr automatische Entstapelungsmaschinen. Duram produziert eine breite Palette von hochwertigen Rupffingern f\u00fcr alle Arten von Rupfmaschinen auf dem internationalen Markt. Duram-Finger sind<br \/>werden mit modernen computergesteuerten Anlagen in gro\u00dfen Mengen hergestellt und in vielen L\u00e4ndern der Welt vertrieben.<\/p><p>Die Verwendung von ausschlie\u00dflich hochwertigen Rohstoffen, fortschrittliche Produktionstechniken, gewissenhafte Konstruktion und strenge Qualit\u00e4tskontrollen in allen Produktionsschritten sorgen f\u00fcr eine effiziente Leistung der Finger und eine lange Lebensdauer des Pickerls, wodurch Kosten und Austauschzeit eingespart werden.<\/p><p>Die gro\u00dfe Auswahl an Fingern und H\u00e4rtegraden erm\u00f6glicht es jeder Pflanze, die besten Finger f\u00fcr ihre spezifischen Bedingungen und Bed\u00fcrfnisse zu w\u00e4hlen.<\/p><p>Alle f\u00fcr die Duram-Finger verwendeten Gummimischungen sind von der USDA zugelassen und d\u00fcrfen nicht mit Lebensmitteln in Ber\u00fchrung kommen. Duram-Finger sind auch in einer antibakteriellen Form erh\u00e4ltlich. Hergestellt aus einer speziellen, hochentwickelten und einzigartigen Verbindung, die das Wachstum von Bakterien wie<br \/>Salmonellen auf den Fingern, diese Finger sind in allen Gr\u00f6\u00dfen und H\u00e4rtegraden erh\u00e4ltlich.<\/p>\t\t\t\t\t\t\t\t<\/div>\n\t\t\t\t<\/div>\n\t\t\t\t\t<\/div>\n\t\t<\/div>\n\t\t\t\t\t<\/div>\n\t\t<\/section>\n\t\t\t\t<section class=\"elementor-section elementor-top-section elementor-element elementor-element-818f40e elementor-section-boxed elementor-section-height-default elementor-section-height-default\" data-id=\"818f40e\" data-element_type=\"section\" data-e-type=\"section\">\n\t\t\t\t\t\t<div class=\"elementor-container elementor-column-gap-default\">\n\t\t\t\t\t<div class=\"elementor-column elementor-col-100 elementor-top-column elementor-element elementor-element-1caca7a\" data-id=\"1caca7a\" data-element_type=\"column\" data-e-type=\"column\">\n\t\t\t<div class=\"elementor-widget-wrap elementor-element-populated\">\n\t\t\t\t\t\t<section class=\"elementor-section elementor-inner-section elementor-element elementor-element-f242b6d elementor-section-boxed elementor-section-height-default elementor-section-height-default\" data-id=\"f242b6d\" data-element_type=\"section\" data-e-type=\"section\">\n\t\t\t\t\t\t<div class=\"elementor-container elementor-column-gap-default\">\n\t\t\t\t\t<div class=\"elementor-column elementor-col-25 elementor-inner-column elementor-element elementor-element-7b0ab12\" data-id=\"7b0ab12\" data-element_type=\"column\" data-e-type=\"column\">\n\t\t\t<div class=\"elementor-widget-wrap elementor-element-populated\">\n\t\t\t\t\t\t<div class=\"elementor-element elementor-element-c307786 elementor-widget elementor-widget-image\" data-id=\"c307786\" data-element_type=\"widget\" data-e-type=\"widget\" data-widget_type=\"image.default\">\n\t\t\t\t<div class=\"elementor-widget-container\">\n\t\t\t\t\t\t\t\t\t\t\t\t<figure class=\"wp-caption\">\n\t\t\t\t\t\t\t\t\t\t<img decoding=\"async\" src=\"https:\/\/duram.co.il\/wp-content\/uploads\/elementor\/thumbs\/20220905_115542-01-puloo5mxxrmhlmhy0wy03oku9i4u5c4n1hthyomowk.jpeg\" title=\"20220905_115542-01\" alt=\"20220905_115542-01\" loading=\"lazy\" \/>\t\t\t\t\t\t\t\t\t\t\t<figcaption class=\"widget-image-caption wp-caption-text\"><\/figcaption>\n\t\t\t\t\t\t\t\t\t\t<\/figure>\n\t\t\t\t\t\t\t\t\t<\/div>\n\t\t\t\t<\/div>\n\t\t\t\t\t<\/div>\n\t\t<\/div>\n\t\t\t\t<div class=\"elementor-column elementor-col-25 elementor-inner-column elementor-element elementor-element-3a921b1\" data-id=\"3a921b1\" data-element_type=\"column\" data-e-type=\"column\">\n\t\t\t<div class=\"elementor-widget-wrap elementor-element-populated\">\n\t\t\t\t\t\t<div class=\"elementor-element elementor-element-57ee4a0 elementor-widget elementor-widget-image\" data-id=\"57ee4a0\" data-element_type=\"widget\" data-e-type=\"widget\" data-widget_type=\"image.default\">\n\t\t\t\t<div class=\"elementor-widget-container\">\n\t\t\t\t\t\t\t\t\t\t\t\t<figure class=\"wp-caption\">\n\t\t\t\t\t\t\t\t\t\t<img decoding=\"async\" src=\"https:\/\/duram.co.il\/wp-content\/uploads\/elementor\/thumbs\/picking1-pswfe7ruv2s44yteiocqxyh87z1ok0kflrsdsuvx5g.jpg\" title=\"Kommissionierung1\" alt=\"picking1\" loading=\"lazy\" \/>\t\t\t\t\t\t\t\t\t\t\t<figcaption class=\"widget-image-caption wp-caption-text\"><\/figcaption>\n\t\t\t\t\t\t\t\t\t\t<\/figure>\n\t\t\t\t\t\t\t\t\t<\/div>\n\t\t\t\t<\/div>\n\t\t\t\t\t<\/div>\n\t\t<\/div>\n\t\t\t\t<div class=\"elementor-column elementor-col-25 elementor-inner-column elementor-element elementor-element-ad412bd\" data-id=\"ad412bd\" data-element_type=\"column\" data-e-type=\"column\">\n\t\t\t<div class=\"elementor-widget-wrap\">\n\t\t\t\t\t\t\t<\/div>\n\t\t<\/div>\n\t\t\t\t<div class=\"elementor-column elementor-col-25 elementor-inner-column elementor-element elementor-element-a749c09\" data-id=\"a749c09\" data-element_type=\"column\" data-e-type=\"column\">\n\t\t\t<div class=\"elementor-widget-wrap\">\n\t\t\t\t\t\t\t<\/div>\n\t\t<\/div>\n\t\t\t\t\t<\/div>\n\t\t<\/section>\n\t\t\t\t\t<\/div>\n\t\t<\/div>\n\t\t\t\t\t<\/div>\n\t\t<\/section>\n\t\t\t\t<\/div>","protected":false},"excerpt":{"rendered":"<p>Efficient performance and long duration Duram Rubber Products is one of the leading manufacturers of picking fingers for automatic defeathering machines. Duram produces a wide range of high-quality picking fingers for all types of picking equipment available on the international market. Duram fingers areproduced by modern computer-controlled equipment in large quantities and are distributed in [&hellip;]<\/p>\n","protected":false},"author":1,"featured_media":0,"parent":91,"menu_order":0,"comment_status":"closed","ping_status":"closed","template":"elementor_header_footer","meta":{"_acf_changed":false,"footnotes":""},"class_list":["post-849","page","type-page","status-publish","hentry"],"acf":[],"yoast_head":"<!-- This site is optimized with the Yoast SEO plugin v27.3 - https:\/\/yoast.com\/product\/yoast-seo-wordpress\/ -->\n<title>Duck - Duram Rubber Products<\/title>\n<meta name=\"robots\" content=\"index, follow, max-snippet:-1, max-image-preview:large, max-video-preview:-1\" \/>\n<link rel=\"canonical\" href=\"https:\/\/duram.co.il\/de\/products\/picking-fingers\/duck\/\" \/>\n<meta property=\"og:locale\" content=\"de_DE\" \/>\n<meta property=\"og:type\" content=\"article\" \/>\n<meta property=\"og:title\" content=\"Duck - Duram Rubber Products\" \/>\n<meta property=\"og:description\" content=\"Efficient performance and long duration Duram Rubber Products is one of the leading manufacturers of picking fingers for automatic defeathering machines. Duram produces a wide range of high-quality picking fingers for all types of picking equipment available on the international market. Duram fingers areproduced by modern computer-controlled equipment in large quantities and are distributed in [&hellip;]\" \/>\n<meta property=\"og:url\" content=\"https:\/\/duram.co.il\/de\/products\/picking-fingers\/duck\/\" \/>\n<meta property=\"og:site_name\" content=\"Duram Rubber Products\" \/>\n<meta property=\"article:modified_time\" content=\"2024-11-14T16:22:46+00:00\" \/>\n<meta property=\"og:image\" content=\"https:\/\/duram.co.il\/wp-content\/uploads\/elementor\/thumbs\/duck-pxus46dl0rs2a8qps86qfeav8o4hb9elvvi7gv7olc.jpg\" \/>\n<meta name=\"twitter:card\" content=\"summary_large_image\" \/>\n<meta name=\"twitter:label1\" content=\"Gesch\u00e4tzte Lesezeit\" \/>\n\t<meta name=\"twitter:data1\" content=\"2\u00a0Minuten\" \/>\n<script type=\"application\/ld+json\" class=\"yoast-schema-graph\">{\"@context\":\"https:\\\/\\\/schema.org\",\"@graph\":[{\"@type\":\"WebPage\",\"@id\":\"https:\\\/\\\/duram.co.il\\\/products\\\/picking-fingers\\\/duck\\\/\",\"url\":\"https:\\\/\\\/duram.co.il\\\/products\\\/picking-fingers\\\/duck\\\/\",\"name\":\"Duck - Duram Rubber Products\",\"isPartOf\":{\"@id\":\"https:\\\/\\\/duram.co.il\\\/#website\"},\"primaryImageOfPage\":{\"@id\":\"https:\\\/\\\/duram.co.il\\\/products\\\/picking-fingers\\\/duck\\\/#primaryimage\"},\"image\":{\"@id\":\"https:\\\/\\\/duram.co.il\\\/products\\\/picking-fingers\\\/duck\\\/#primaryimage\"},\"thumbnailUrl\":\"https:\\\/\\\/duram.co.il\\\/wp-content\\\/uploads\\\/elementor\\\/thumbs\\\/duck-pxus46dl0rs2a8qps86qfeav8o4hb9elvvi7gv7olc.jpg\",\"datePublished\":\"2022-11-17T17:00:23+00:00\",\"dateModified\":\"2024-11-14T16:22:46+00:00\",\"breadcrumb\":{\"@id\":\"https:\\\/\\\/duram.co.il\\\/products\\\/picking-fingers\\\/duck\\\/#breadcrumb\"},\"inLanguage\":\"de\",\"potentialAction\":[{\"@type\":\"ReadAction\",\"target\":[\"https:\\\/\\\/duram.co.il\\\/products\\\/picking-fingers\\\/duck\\\/\"]}]},{\"@type\":\"ImageObject\",\"inLanguage\":\"de\",\"@id\":\"https:\\\/\\\/duram.co.il\\\/products\\\/picking-fingers\\\/duck\\\/#primaryimage\",\"url\":\"https:\\\/\\\/duram.co.il\\\/wp-content\\\/uploads\\\/elementor\\\/thumbs\\\/duck-pxus46dl0rs2a8qps86qfeav8o4hb9elvvi7gv7olc.jpg\",\"contentUrl\":\"https:\\\/\\\/duram.co.il\\\/wp-content\\\/uploads\\\/elementor\\\/thumbs\\\/duck-pxus46dl0rs2a8qps86qfeav8o4hb9elvvi7gv7olc.jpg\"},{\"@type\":\"BreadcrumbList\",\"@id\":\"https:\\\/\\\/duram.co.il\\\/products\\\/picking-fingers\\\/duck\\\/#breadcrumb\",\"itemListElement\":[{\"@type\":\"ListItem\",\"position\":1,\"name\":\"Home\",\"item\":\"https:\\\/\\\/duram.co.il\\\/\"},{\"@type\":\"ListItem\",\"position\":2,\"name\":\"Products\",\"item\":\"https:\\\/\\\/duram.co.il\\\/products\\\/\"},{\"@type\":\"ListItem\",\"position\":3,\"name\":\"Picking Fingers\",\"item\":\"https:\\\/\\\/duram.co.il\\\/products\\\/picking-fingers\\\/\"},{\"@type\":\"ListItem\",\"position\":4,\"name\":\"Duck\"}]},{\"@type\":\"WebSite\",\"@id\":\"https:\\\/\\\/duram.co.il\\\/#website\",\"url\":\"https:\\\/\\\/duram.co.il\\\/\",\"name\":\"Duram Rubber Products\",\"description\":\"\u05d3\u05d5\u05e8\u05dd \u05de\u05d5\u05e6\u05e8\u05d9 \u05d2\u05d5\u05de\u05d9 \u05d1\u05d4\u05d6\u05e8\u05e7\u05d4\",\"publisher\":{\"@id\":\"https:\\\/\\\/duram.co.il\\\/#organization\"},\"potentialAction\":[{\"@type\":\"SearchAction\",\"target\":{\"@type\":\"EntryPoint\",\"urlTemplate\":\"https:\\\/\\\/duram.co.il\\\/?s={search_term_string}\"},\"query-input\":{\"@type\":\"PropertyValueSpecification\",\"valueRequired\":true,\"valueName\":\"search_term_string\"}}],\"inLanguage\":\"de\"},{\"@type\":\"Organization\",\"@id\":\"https:\\\/\\\/duram.co.il\\\/#organization\",\"name\":\"Duram Rubber Products\",\"url\":\"https:\\\/\\\/duram.co.il\\\/\",\"logo\":{\"@type\":\"ImageObject\",\"inLanguage\":\"de\",\"@id\":\"https:\\\/\\\/duram.co.il\\\/#\\\/schema\\\/logo\\\/image\\\/\",\"url\":\"https:\\\/\\\/duram.co.il\\\/wp-content\\\/uploads\\\/2022\\\/11\\\/Duram-logo.png\",\"contentUrl\":\"https:\\\/\\\/duram.co.il\\\/wp-content\\\/uploads\\\/2022\\\/11\\\/Duram-logo.png\",\"width\":600,\"height\":160,\"caption\":\"Duram Rubber Products\"},\"image\":{\"@id\":\"https:\\\/\\\/duram.co.il\\\/#\\\/schema\\\/logo\\\/image\\\/\"}}]}<\/script>\n<!-- \/ Yoast SEO plugin. -->","yoast_head_json":{"title":"Ente - Duram Gummiprodukte","robots":{"index":"index","follow":"follow","max-snippet":"max-snippet:-1","max-image-preview":"max-image-preview:large","max-video-preview":"max-video-preview:-1"},"canonical":"https:\/\/duram.co.il\/de\/products\/picking-fingers\/duck\/","og_locale":"de_DE","og_type":"article","og_title":"Duck - Duram Rubber Products","og_description":"Efficient performance and long duration Duram Rubber Products is one of the leading manufacturers of picking fingers for automatic defeathering machines. Duram produces a wide range of high-quality picking fingers for all types of picking equipment available on the international market. Duram fingers areproduced by modern computer-controlled equipment in large quantities and are distributed in [&hellip;]","og_url":"https:\/\/duram.co.il\/de\/products\/picking-fingers\/duck\/","og_site_name":"Duram Rubber Products","article_modified_time":"2024-11-14T16:22:46+00:00","og_image":[{"url":"https:\/\/duram.co.il\/wp-content\/uploads\/elementor\/thumbs\/duck-pxus46dl0rs2a8qps86qfeav8o4hb9elvvi7gv7olc.jpg","type":"","width":"","height":""}],"twitter_card":"summary_large_image","twitter_misc":{"Gesch\u00e4tzte Lesezeit":"2\u00a0Minuten"},"schema":{"@context":"https:\/\/schema.org","@graph":[{"@type":"WebPage","@id":"https:\/\/duram.co.il\/products\/picking-fingers\/duck\/","url":"https:\/\/duram.co.il\/products\/picking-fingers\/duck\/","name":"Ente - Duram Gummiprodukte","isPartOf":{"@id":"https:\/\/duram.co.il\/#website"},"primaryImageOfPage":{"@id":"https:\/\/duram.co.il\/products\/picking-fingers\/duck\/#primaryimage"},"image":{"@id":"https:\/\/duram.co.il\/products\/picking-fingers\/duck\/#primaryimage"},"thumbnailUrl":"https:\/\/duram.co.il\/wp-content\/uploads\/elementor\/thumbs\/duck-pxus46dl0rs2a8qps86qfeav8o4hb9elvvi7gv7olc.jpg","datePublished":"2022-11-17T17:00:23+00:00","dateModified":"2024-11-14T16:22:46+00:00","breadcrumb":{"@id":"https:\/\/duram.co.il\/products\/picking-fingers\/duck\/#breadcrumb"},"inLanguage":"de","potentialAction":[{"@type":"ReadAction","target":["https:\/\/duram.co.il\/products\/picking-fingers\/duck\/"]}]},{"@type":"ImageObject","inLanguage":"de","@id":"https:\/\/duram.co.il\/products\/picking-fingers\/duck\/#primaryimage","url":"https:\/\/duram.co.il\/wp-content\/uploads\/elementor\/thumbs\/duck-pxus46dl0rs2a8qps86qfeav8o4hb9elvvi7gv7olc.jpg","contentUrl":"https:\/\/duram.co.il\/wp-content\/uploads\/elementor\/thumbs\/duck-pxus46dl0rs2a8qps86qfeav8o4hb9elvvi7gv7olc.jpg"},{"@type":"BreadcrumbList","@id":"https:\/\/duram.co.il\/products\/picking-fingers\/duck\/#breadcrumb","itemListElement":[{"@type":"ListItem","position":1,"name":"Home","item":"https:\/\/duram.co.il\/"},{"@type":"ListItem","position":2,"name":"Products","item":"https:\/\/duram.co.il\/products\/"},{"@type":"ListItem","position":3,"name":"Picking Fingers","item":"https:\/\/duram.co.il\/products\/picking-fingers\/"},{"@type":"ListItem","position":4,"name":"Duck"}]},{"@type":"WebSite","@id":"https:\/\/duram.co.il\/#website","url":"https:\/\/duram.co.il\/","name":"Duram Gummiprodukte","description":"\u05d3\u05d5\u05e8\u05dd \u05de\u05d5\u05e6\u05e8\u05d9 \u05d2\u05d5\u05de\u05d9 \u05d1\u05d4\u05d6\u05e8\u05e7\u05d4","publisher":{"@id":"https:\/\/duram.co.il\/#organization"},"potentialAction":[{"@type":"SearchAction","target":{"@type":"EntryPoint","urlTemplate":"https:\/\/duram.co.il\/?s={search_term_string}"},"query-input":{"@type":"PropertyValueSpecification","valueRequired":true,"valueName":"search_term_string"}}],"inLanguage":"de"},{"@type":"Organization","@id":"https:\/\/duram.co.il\/#organization","name":"Duram Gummiprodukte","url":"https:\/\/duram.co.il\/","logo":{"@type":"ImageObject","inLanguage":"de","@id":"https:\/\/duram.co.il\/#\/schema\/logo\/image\/","url":"https:\/\/duram.co.il\/wp-content\/uploads\/2022\/11\/Duram-logo.png","contentUrl":"https:\/\/duram.co.il\/wp-content\/uploads\/2022\/11\/Duram-logo.png","width":600,"height":160,"caption":"Duram Rubber Products"},"image":{"@id":"https:\/\/duram.co.il\/#\/schema\/logo\/image\/"}}]}},"_links":{"self":[{"href":"https:\/\/duram.co.il\/de\/wp-json\/wp\/v2\/pages\/849","targetHints":{"allow":["GET"]}}],"collection":[{"href":"https:\/\/duram.co.il\/de\/wp-json\/wp\/v2\/pages"}],"about":[{"href":"https:\/\/duram.co.il\/de\/wp-json\/wp\/v2\/types\/page"}],"author":[{"embeddable":true,"href":"https:\/\/duram.co.il\/de\/wp-json\/wp\/v2\/users\/1"}],"replies":[{"embeddable":true,"href":"https:\/\/duram.co.il\/de\/wp-json\/wp\/v2\/comments?post=849"}],"version-history":[{"count":16,"href":"https:\/\/duram.co.il\/de\/wp-json\/wp\/v2\/pages\/849\/revisions"}],"predecessor-version":[{"id":4584,"href":"https:\/\/duram.co.il\/de\/wp-json\/wp\/v2\/pages\/849\/revisions\/4584"}],"up":[{"embeddable":true,"href":"https:\/\/duram.co.il\/de\/wp-json\/wp\/v2\/pages\/91"}],"wp:attachment":[{"href":"https:\/\/duram.co.il\/de\/wp-json\/wp\/v2\/media?parent=849"}],"curies":[{"name":"wp","href":"https:\/\/api.w.org\/{rel}","templated":true}]}}