{"id":3,"date":"2022-07-05T08:50:09","date_gmt":"2022-07-05T08:50:09","guid":{"rendered":"http:\/\/s915691574.onlinehome.us\/?page_id=3"},"modified":"2024-11-14T16:29:35","modified_gmt":"2024-11-14T16:29:35","slug":"privacy-policy","status":"publish","type":"page","link":"https:\/\/duram.co.il\/es\/privacy-policy\/","title":{"rendered":"pol\u00edtica de privacidad"},"content":{"rendered":"<div data-elementor-type=\"wp-page\" data-elementor-id=\"3\" class=\"elementor elementor-3\" data-elementor-post-type=\"page\">\n\t\t\t\t\t\t<section class=\"elementor-section elementor-top-section elementor-element elementor-element-7f11046 elementor-section-content-middle elementor-section-boxed elementor-section-height-default elementor-section-height-default\" data-id=\"7f11046\" data-element_type=\"section\" data-e-type=\"section\" data-settings=\"{&quot;background_background&quot;:&quot;classic&quot;,&quot;shape_divider_bottom&quot;:&quot;waves&quot;,&quot;shape_divider_top&quot;:&quot;waves&quot;}\">\n\t\t\t\t\t\t\t<div class=\"elementor-background-overlay\"><\/div>\n\t\t\t\t\t\t<div class=\"elementor-shape elementor-shape-top\" aria-hidden=\"true\" data-negative=\"false\">\n\t\t\t<svg xmlns=\"http:\/\/www.w3.org\/2000\/svg\" viewbox=\"0 0 1000 100\" preserveaspectratio=\"none\">\n\t<path class=\"elementor-shape-fill\" d=\"M421.9,6.5c22.6-2.5,51.5,0.4,75.5,5.3c23.6,4.9,70.9,23.5,100.5,35.7c75.8,32.2,133.7,44.5,192.6,49.7\tc23.6,2.1,48.7,3.5,103.4-2.5c54.7-6,106.2-25.6,106.2-25.6V0H0v30.3c0,0,72,32.6,158.4,30.5c39.2-0.7,92.8-6.7,134-22.4\tc21.2-8.1,52.2-18.2,79.7-24.2C399.3,7.9,411.6,7.5,421.9,6.5z\"\/>\n<\/svg>\t\t<\/div>\n\t\t\t\t<div class=\"elementor-shape elementor-shape-bottom\" aria-hidden=\"true\" data-negative=\"false\">\n\t\t\t<svg xmlns=\"http:\/\/www.w3.org\/2000\/svg\" viewbox=\"0 0 1000 100\" preserveaspectratio=\"none\">\n\t<path class=\"elementor-shape-fill\" d=\"M421.9,6.5c22.6-2.5,51.5,0.4,75.5,5.3c23.6,4.9,70.9,23.5,100.5,35.7c75.8,32.2,133.7,44.5,192.6,49.7\tc23.6,2.1,48.7,3.5,103.4-2.5c54.7-6,106.2-25.6,106.2-25.6V0H0v30.3c0,0,72,32.6,158.4,30.5c39.2-0.7,92.8-6.7,134-22.4\tc21.2-8.1,52.2-18.2,79.7-24.2C399.3,7.9,411.6,7.5,421.9,6.5z\"\/>\n<\/svg>\t\t<\/div>\n\t\t\t\t\t<div class=\"elementor-container elementor-column-gap-default\">\n\t\t\t\t\t<div class=\"elementor-column elementor-col-66 elementor-top-column elementor-element elementor-element-94b1903\" data-id=\"94b1903\" data-element_type=\"column\" data-e-type=\"column\">\n\t\t\t<div class=\"elementor-widget-wrap elementor-element-populated\">\n\t\t\t\t\t\t<div class=\"elementor-element elementor-element-b22c95e elementor-widget elementor-widget-breadcrumbs\" data-id=\"b22c95e\" data-element_type=\"widget\" data-e-type=\"widget\" data-widget_type=\"breadcrumbs.default\">\n\t\t\t\t<div class=\"elementor-widget-container\">\n\t\t\t\t\t<p id=\"breadcrumbs\"><span><span><a href=\"https:\/\/duram.co.il\/es\/\">Hogar<\/a><\/span><\/span><\/p>\t\t\t\t<\/div>\n\t\t\t\t<\/div>\n\t\t\t\t<div class=\"elementor-element elementor-element-7e2e301 elementor-widget elementor-widget-heading\" data-id=\"7e2e301\" data-element_type=\"widget\" data-e-type=\"widget\" data-widget_type=\"heading.default\">\n\t\t\t\t<div class=\"elementor-widget-container\">\n\t\t\t\t\t<h2 class=\"elementor-heading-title elementor-size-default\">pol\u00edtica de privacidad<\/h2>\t\t\t\t<\/div>\n\t\t\t\t<\/div>\n\t\t\t\t\t<\/div>\n\t\t<\/div>\n\t\t\t\t<div class=\"elementor-column elementor-col-33 elementor-top-column elementor-element elementor-element-73795bd\" data-id=\"73795bd\" data-element_type=\"column\" data-e-type=\"column\" data-settings=\"{&quot;background_background&quot;:&quot;classic&quot;}\">\n\t\t\t<div class=\"elementor-widget-wrap elementor-element-populated\">\n\t\t\t\t\t\t<div class=\"elementor-element elementor-element-56afa6b elementor-widget elementor-widget-image\" data-id=\"56afa6b\" data-element_type=\"widget\" data-e-type=\"widget\" data-widget_type=\"image.default\">\n\t\t\t\t<div class=\"elementor-widget-container\">\n\t\t\t\t\t\t\t\t\t\t\t\t\t\t\t<img fetchpriority=\"high\" decoding=\"async\" width=\"768\" height=\"768\" src=\"https:\/\/duram.co.il\/wp-content\/uploads\/2022\/08\/rubber-oring-rubber-sealing-rings-joint-seals-1-768x768.jpg\" class=\"attachment-medium_large size-medium_large wp-image-272\" alt=\"\" srcset=\"https:\/\/duram.co.il\/wp-content\/uploads\/2022\/08\/rubber-oring-rubber-sealing-rings-joint-seals-1-768x768.jpg 768w, https:\/\/duram.co.il\/wp-content\/uploads\/2022\/08\/rubber-oring-rubber-sealing-rings-joint-seals-1-300x300.jpg 300w, https:\/\/duram.co.il\/wp-content\/uploads\/2022\/08\/rubber-oring-rubber-sealing-rings-joint-seals-1-1024x1024.jpg 1024w, https:\/\/duram.co.il\/wp-content\/uploads\/2022\/08\/rubber-oring-rubber-sealing-rings-joint-seals-1-150x150.jpg 150w, https:\/\/duram.co.il\/wp-content\/uploads\/2022\/08\/rubber-oring-rubber-sealing-rings-joint-seals-1.jpg 1200w\" sizes=\"(max-width: 768px) 100vw, 768px\" \/>\t\t\t\t\t\t\t\t\t\t\t\t\t\t\t<\/div>\n\t\t\t\t<\/div>\n\t\t\t\t\t<\/div>\n\t\t<\/div>\n\t\t\t\t\t<\/div>\n\t\t<\/section>\n\t\t\t\t<section class=\"elementor-section elementor-top-section elementor-element elementor-element-58ad62e elementor-section-boxed elementor-section-height-default elementor-section-height-default\" data-id=\"58ad62e\" data-element_type=\"section\" data-e-type=\"section\">\n\t\t\t\t\t\t<div class=\"elementor-container elementor-column-gap-default\">\n\t\t\t\t\t<div class=\"elementor-column elementor-col-100 elementor-top-column elementor-element elementor-element-e1bc2a0\" data-id=\"e1bc2a0\" data-element_type=\"column\" data-e-type=\"column\">\n\t\t\t<div class=\"elementor-widget-wrap elementor-element-populated\">\n\t\t\t\t\t\t<div class=\"elementor-element elementor-element-630e8de4 elementor-widget elementor-widget-text-editor\" data-id=\"630e8de4\" data-element_type=\"widget\" data-e-type=\"widget\" data-widget_type=\"text-editor.default\">\n\t\t\t\t<div class=\"elementor-widget-container\">\n\t\t\t\t\t\t\t\t\t\n<h2 class=\"wp-block-heading\">Quienes somos<\/h2>\n\n<p>La direcci\u00f3n de nuestro sitio web es: https:\/\/www.duram.co.il<\/p>\n\n<h2 class=\"wp-block-heading\">Galletas<\/h2>\n\n<p>Si env\u00eda un formulario en nuestro sitio, puede optar por guardar su nombre, direcci\u00f3n de correo electr\u00f3nico y sitio web en cookies. Esto es para su comodidad, para que no tenga que volver a completar sus datos cuando deje otro mensaje. Estas cookies tendr\u00e1n una duraci\u00f3n de un a\u00f1o.<\/p>\n\n<p>Si visita nuestra p\u00e1gina de inicio de sesi\u00f3n, configuraremos una cookie temporal para determinar si su navegador acepta cookies. Esta cookie no contiene datos personales y se descarta al cerrar el navegador.<\/p>\n\n<p>Cuando inicie sesi\u00f3n, tambi\u00e9n configuraremos varias cookies para guardar su informaci\u00f3n de inicio de sesi\u00f3n y sus opciones de visualizaci\u00f3n de pantalla. Las cookies de inicio de sesi\u00f3n duran dos d\u00edas y las cookies de opciones de pantalla duran un a\u00f1o. Si selecciona &quot;Recordarme&quot;, su inicio de sesi\u00f3n persistir\u00e1 durante dos semanas. Si cierra sesi\u00f3n en su cuenta, se eliminar\u00e1n las cookies de inicio de sesi\u00f3n.<\/p>\n\n<p>Si edita o publica un art\u00edculo, se guardar\u00e1 una cookie adicional en su navegador. Esta cookie no incluye datos personales y simplemente indica el ID de la publicaci\u00f3n del art\u00edculo que acaba de editar. Caduca despu\u00e9s de 1 d\u00eda.<\/p>\n\n<h2 class=\"wp-block-heading\">Contenido incrustado de otros sitios web<\/h2>\n\n<p>Los art\u00edculos de este sitio pueden incluir contenido incrustado (por ejemplo, v\u00eddeos, im\u00e1genes, art\u00edculos, etc.). El contenido incrustado de otros sitios web se comporta exactamente de la misma manera que si el visitante hubiera visitado el otro sitio web.<\/p>\n\n<p>Estos sitios web pueden recopilar datos sobre usted, utilizar cookies, incorporar seguimiento adicional de terceros y monitorear su interacci\u00f3n con ese contenido incrustado, incluido el seguimiento de su interacci\u00f3n con el contenido incrustado si tiene una cuenta y ha iniciado sesi\u00f3n en ese sitio web.<\/p>\n\n<h2 class=\"wp-block-heading\">Con qui\u00e9n compartimos tus datos<\/h2>\n\n<p>Si solicita un restablecimiento de contrase\u00f1a, su direcci\u00f3n IP se incluir\u00e1 en el correo electr\u00f3nico de restablecimiento.<\/p>\n\n<h2 class=\"wp-block-heading\">Cu\u00e1nto tiempo conservamos tus datos<\/h2>\n\n<p>Si dejas un mensaje por formularios, el comentario y sus metadatos se conservan indefinidamente. Esto es para que podamos reconocer y aprobar cualquier seguimiento autom\u00e1ticamente en lugar de mantenerlos en una cola de moderaci\u00f3n.<\/p>\n\n<p>Para los usuarios que se registran en nuestro sitio web (si los hay), tambi\u00e9n almacenamos la informaci\u00f3n personal que proporcionan en su perfil de usuario. Todos los usuarios pueden ver, editar o eliminar su informaci\u00f3n personal en cualquier momento (excepto que no pueden cambiar su nombre de usuario). Los administradores del sitio web tambi\u00e9n pueden ver y editar esa informaci\u00f3n.<\/p>\n\n<h2 class=\"wp-block-heading\">Qu\u00e9 derechos tienes sobre tus datos<\/h2>\n\n<p>Si tiene una cuenta en este sitio o ha dejado comentarios, puede solicitar recibir un archivo exportado de los datos personales que tenemos sobre usted, incluidos los datos que nos haya proporcionado. Tambi\u00e9n puede solicitar que borremos cualquier dato personal que tengamos sobre usted. Esto no incluye ning\u00fan dato que estemos obligados a conservar con fines administrativos, legales o de seguridad.<\/p>\n\n<h2 class=\"wp-block-heading\">D\u00f3nde se env\u00edan tus datos<\/h2>\n\n<p>Los mensajes de los visitantes pueden revisarse a trav\u00e9s de un servicio automatizado de detecci\u00f3n de spam.<\/p>\n\t\t\t\t\t\t\t\t<\/div>\n\t\t\t\t<\/div>\n\t\t\t\t\t<\/div>\n\t\t<\/div>\n\t\t\t\t\t<\/div>\n\t\t<\/section>\n\t\t\t\t<\/div>","protected":false},"excerpt":{"rendered":"<p>Who we are Our website address is: https:\/\/www.duram.co.il Cookies If you send a form on our site you may opt-in to saving your name, email address and website in cookies. These are for your convenience so that you do not have to fill in your details again when you leave another message. These cookies will [&hellip;]<\/p>\n","protected":false},"author":1,"featured_media":0,"parent":0,"menu_order":0,"comment_status":"closed","ping_status":"open","template":"elementor_header_footer","meta":{"_acf_changed":false,"footnotes":""},"class_list":["post-3","page","type-page","status-publish","hentry"],"acf":[],"yoast_head":"<!-- This site is optimized with the Yoast SEO plugin v27.5 - https:\/\/yoast.com\/product\/yoast-seo-wordpress\/ -->\n<title>Privacy Policy - Duram Rubber Products<\/title>\n<meta name=\"robots\" content=\"index, follow, max-snippet:-1, max-image-preview:large, max-video-preview:-1\" \/>\n<link rel=\"canonical\" href=\"https:\/\/duram.co.il\/es\/privacy-policy\/\" \/>\n<meta property=\"og:locale\" content=\"es_ES\" \/>\n<meta property=\"og:type\" content=\"article\" \/>\n<meta property=\"og:title\" content=\"Privacy Policy - Duram Rubber Products\" \/>\n<meta property=\"og:description\" content=\"Who we are Our website address is: https:\/\/www.duram.co.il Cookies If you send a form on our site you may opt-in to saving your name, email address and website in cookies. These are for your convenience so that you do not have to fill in your details again when you leave another message. These cookies will [&hellip;]\" \/>\n<meta property=\"og:url\" content=\"https:\/\/duram.co.il\/es\/privacy-policy\/\" \/>\n<meta property=\"og:site_name\" content=\"Duram Rubber Products\" \/>\n<meta property=\"article:modified_time\" content=\"2024-11-14T16:29:35+00:00\" \/>\n<meta property=\"og:image\" content=\"https:\/\/duram.co.il\/wp-content\/uploads\/2022\/08\/rubber-oring-rubber-sealing-rings-joint-seals-1.jpg\" \/>\n\t<meta property=\"og:image:width\" content=\"1200\" \/>\n\t<meta property=\"og:image:height\" content=\"1200\" \/>\n\t<meta property=\"og:image:type\" content=\"image\/jpeg\" \/>\n<meta name=\"twitter:card\" content=\"summary_large_image\" \/>\n<meta name=\"twitter:label1\" content=\"Tiempo de lectura\" \/>\n\t<meta name=\"twitter:data1\" content=\"3 minutos\" \/>\n<script type=\"application\/ld+json\" class=\"yoast-schema-graph\">{\"@context\":\"https:\\\/\\\/schema.org\",\"@graph\":[{\"@type\":\"WebPage\",\"@id\":\"https:\\\/\\\/duram.co.il\\\/privacy-policy\\\/\",\"url\":\"https:\\\/\\\/duram.co.il\\\/privacy-policy\\\/\",\"name\":\"Privacy Policy - Duram Rubber Products\",\"isPartOf\":{\"@id\":\"https:\\\/\\\/duram.co.il\\\/#website\"},\"primaryImageOfPage\":{\"@id\":\"https:\\\/\\\/duram.co.il\\\/privacy-policy\\\/#primaryimage\"},\"image\":{\"@id\":\"https:\\\/\\\/duram.co.il\\\/privacy-policy\\\/#primaryimage\"},\"thumbnailUrl\":\"https:\\\/\\\/duram.co.il\\\/wp-content\\\/uploads\\\/2022\\\/08\\\/rubber-oring-rubber-sealing-rings-joint-seals-1-768x768.jpg\",\"datePublished\":\"2022-07-05T08:50:09+00:00\",\"dateModified\":\"2024-11-14T16:29:35+00:00\",\"breadcrumb\":{\"@id\":\"https:\\\/\\\/duram.co.il\\\/privacy-policy\\\/#breadcrumb\"},\"inLanguage\":\"es\",\"potentialAction\":[{\"@type\":\"ReadAction\",\"target\":[\"https:\\\/\\\/duram.co.il\\\/privacy-policy\\\/\"]}]},{\"@type\":\"ImageObject\",\"inLanguage\":\"es\",\"@id\":\"https:\\\/\\\/duram.co.il\\\/privacy-policy\\\/#primaryimage\",\"url\":\"https:\\\/\\\/duram.co.il\\\/wp-content\\\/uploads\\\/2022\\\/08\\\/rubber-oring-rubber-sealing-rings-joint-seals-1-768x768.jpg\",\"contentUrl\":\"https:\\\/\\\/duram.co.il\\\/wp-content\\\/uploads\\\/2022\\\/08\\\/rubber-oring-rubber-sealing-rings-joint-seals-1-768x768.jpg\"},{\"@type\":\"BreadcrumbList\",\"@id\":\"https:\\\/\\\/duram.co.il\\\/privacy-policy\\\/#breadcrumb\",\"itemListElement\":[{\"@type\":\"ListItem\",\"position\":1,\"name\":\"Home\",\"item\":\"https:\\\/\\\/duram.co.il\\\/\"},{\"@type\":\"ListItem\",\"position\":2,\"name\":\"Privacy Policy\"}]},{\"@type\":\"WebSite\",\"@id\":\"https:\\\/\\\/duram.co.il\\\/#website\",\"url\":\"https:\\\/\\\/duram.co.il\\\/\",\"name\":\"Duram Rubber Products\",\"description\":\"\u05d3\u05d5\u05e8\u05dd \u05de\u05d5\u05e6\u05e8\u05d9 \u05d2\u05d5\u05de\u05d9 \u05d1\u05d4\u05d6\u05e8\u05e7\u05d4\",\"publisher\":{\"@id\":\"https:\\\/\\\/duram.co.il\\\/#organization\"},\"potentialAction\":[{\"@type\":\"SearchAction\",\"target\":{\"@type\":\"EntryPoint\",\"urlTemplate\":\"https:\\\/\\\/duram.co.il\\\/?s={search_term_string}\"},\"query-input\":{\"@type\":\"PropertyValueSpecification\",\"valueRequired\":true,\"valueName\":\"search_term_string\"}}],\"inLanguage\":\"es\"},{\"@type\":\"Organization\",\"@id\":\"https:\\\/\\\/duram.co.il\\\/#organization\",\"name\":\"Duram Rubber Products\",\"url\":\"https:\\\/\\\/duram.co.il\\\/\",\"logo\":{\"@type\":\"ImageObject\",\"inLanguage\":\"es\",\"@id\":\"https:\\\/\\\/duram.co.il\\\/#\\\/schema\\\/logo\\\/image\\\/\",\"url\":\"https:\\\/\\\/duram.co.il\\\/wp-content\\\/uploads\\\/2022\\\/11\\\/Duram-logo.png\",\"contentUrl\":\"https:\\\/\\\/duram.co.il\\\/wp-content\\\/uploads\\\/2022\\\/11\\\/Duram-logo.png\",\"width\":600,\"height\":160,\"caption\":\"Duram Rubber Products\"},\"image\":{\"@id\":\"https:\\\/\\\/duram.co.il\\\/#\\\/schema\\\/logo\\\/image\\\/\"}}]}<\/script>\n<!-- \/ Yoast SEO plugin. -->","yoast_head_json":{"title":"Pol\u00edtica de privacidad - Duram Rubber Products","robots":{"index":"index","follow":"follow","max-snippet":"max-snippet:-1","max-image-preview":"max-image-preview:large","max-video-preview":"max-video-preview:-1"},"canonical":"https:\/\/duram.co.il\/es\/privacy-policy\/","og_locale":"es_ES","og_type":"article","og_title":"Privacy Policy - Duram Rubber Products","og_description":"Who we are Our website address is: https:\/\/www.duram.co.il Cookies If you send a form on our site you may opt-in to saving your name, email address and website in cookies. These are for your convenience so that you do not have to fill in your details again when you leave another message. These cookies will [&hellip;]","og_url":"https:\/\/duram.co.il\/es\/privacy-policy\/","og_site_name":"Duram Rubber Products","article_modified_time":"2024-11-14T16:29:35+00:00","og_image":[{"width":1200,"height":1200,"url":"https:\/\/duram.co.il\/wp-content\/uploads\/2022\/08\/rubber-oring-rubber-sealing-rings-joint-seals-1.jpg","type":"image\/jpeg"}],"twitter_card":"summary_large_image","twitter_misc":{"Tiempo de lectura":"3 minutos"},"schema":{"@context":"https:\/\/schema.org","@graph":[{"@type":"WebPage","@id":"https:\/\/duram.co.il\/privacy-policy\/","url":"https:\/\/duram.co.il\/privacy-policy\/","name":"Pol\u00edtica de privacidad - Duram Rubber Products","isPartOf":{"@id":"https:\/\/duram.co.il\/#website"},"primaryImageOfPage":{"@id":"https:\/\/duram.co.il\/privacy-policy\/#primaryimage"},"image":{"@id":"https:\/\/duram.co.il\/privacy-policy\/#primaryimage"},"thumbnailUrl":"https:\/\/duram.co.il\/wp-content\/uploads\/2022\/08\/rubber-oring-rubber-sealing-rings-joint-seals-1-768x768.jpg","datePublished":"2022-07-05T08:50:09+00:00","dateModified":"2024-11-14T16:29:35+00:00","breadcrumb":{"@id":"https:\/\/duram.co.il\/privacy-policy\/#breadcrumb"},"inLanguage":"es","potentialAction":[{"@type":"ReadAction","target":["https:\/\/duram.co.il\/privacy-policy\/"]}]},{"@type":"ImageObject","inLanguage":"es","@id":"https:\/\/duram.co.il\/privacy-policy\/#primaryimage","url":"https:\/\/duram.co.il\/wp-content\/uploads\/2022\/08\/rubber-oring-rubber-sealing-rings-joint-seals-1-768x768.jpg","contentUrl":"https:\/\/duram.co.il\/wp-content\/uploads\/2022\/08\/rubber-oring-rubber-sealing-rings-joint-seals-1-768x768.jpg"},{"@type":"BreadcrumbList","@id":"https:\/\/duram.co.il\/privacy-policy\/#breadcrumb","itemListElement":[{"@type":"ListItem","position":1,"name":"Home","item":"https:\/\/duram.co.il\/"},{"@type":"ListItem","position":2,"name":"Privacy Policy"}]},{"@type":"WebSite","@id":"https:\/\/duram.co.il\/#website","url":"https:\/\/duram.co.il\/","name":"Productos de caucho Duram","description":"\u05d3\u05d5\u05e8\u05dd \u05de\u05d5\u05e6\u05e8\u05d9 \u05d2\u05d5\u05de\u05d9 \u05d1\u05d4\u05d6\u05e8\u05e7\u05d4","publisher":{"@id":"https:\/\/duram.co.il\/#organization"},"potentialAction":[{"@type":"SearchAction","target":{"@type":"EntryPoint","urlTemplate":"https:\/\/duram.co.il\/?s={search_term_string}"},"query-input":{"@type":"PropertyValueSpecification","valueRequired":true,"valueName":"search_term_string"}}],"inLanguage":"es"},{"@type":"Organization","@id":"https:\/\/duram.co.il\/#organization","name":"Productos de caucho Duram","url":"https:\/\/duram.co.il\/","logo":{"@type":"ImageObject","inLanguage":"es","@id":"https:\/\/duram.co.il\/#\/schema\/logo\/image\/","url":"https:\/\/duram.co.il\/wp-content\/uploads\/2022\/11\/Duram-logo.png","contentUrl":"https:\/\/duram.co.il\/wp-content\/uploads\/2022\/11\/Duram-logo.png","width":600,"height":160,"caption":"Duram Rubber Products"},"image":{"@id":"https:\/\/duram.co.il\/#\/schema\/logo\/image\/"}}]}},"_links":{"self":[{"href":"https:\/\/duram.co.il\/es\/wp-json\/wp\/v2\/pages\/3","targetHints":{"allow":["GET"]}}],"collection":[{"href":"https:\/\/duram.co.il\/es\/wp-json\/wp\/v2\/pages"}],"about":[{"href":"https:\/\/duram.co.il\/es\/wp-json\/wp\/v2\/types\/page"}],"author":[{"embeddable":true,"href":"https:\/\/duram.co.il\/es\/wp-json\/wp\/v2\/users\/1"}],"replies":[{"embeddable":true,"href":"https:\/\/duram.co.il\/es\/wp-json\/wp\/v2\/comments?post=3"}],"version-history":[{"count":19,"href":"https:\/\/duram.co.il\/es\/wp-json\/wp\/v2\/pages\/3\/revisions"}],"predecessor-version":[{"id":4599,"href":"https:\/\/duram.co.il\/es\/wp-json\/wp\/v2\/pages\/3\/revisions\/4599"}],"wp:attachment":[{"href":"https:\/\/duram.co.il\/es\/wp-json\/wp\/v2\/media?parent=3"}],"curies":[{"name":"wp","href":"https:\/\/api.w.org\/{rel}","templated":true}]}}