{"id":853,"date":"2022-11-17T17:01:28","date_gmt":"2022-11-17T17:01:28","guid":{"rendered":"http:\/\/s915691574.onlinehome.us\/?page_id=853"},"modified":"2024-11-14T16:13:15","modified_gmt":"2024-11-14T16:13:15","slug":"vegetables-spices","status":"publish","type":"page","link":"https:\/\/duram.co.il\/es\/products\/vegetables-spices\/","title":{"rendered":"Verduras y especias"},"content":{"rendered":"<div data-elementor-type=\"wp-page\" data-elementor-id=\"853\" class=\"elementor elementor-853\" data-elementor-post-type=\"page\">\n\t\t\t\t\t\t<section class=\"elementor-section elementor-top-section elementor-element elementor-element-4c24c22 elementor-section-content-middle elementor-section-boxed elementor-section-height-default elementor-section-height-default\" data-id=\"4c24c22\" data-element_type=\"section\" data-e-type=\"section\" data-settings=\"{&quot;background_background&quot;:&quot;classic&quot;,&quot;shape_divider_bottom&quot;:&quot;waves&quot;,&quot;shape_divider_top&quot;:&quot;waves&quot;}\">\n\t\t\t\t\t\t\t<div class=\"elementor-background-overlay\"><\/div>\n\t\t\t\t\t\t<div class=\"elementor-shape elementor-shape-top\" aria-hidden=\"true\" data-negative=\"false\">\n\t\t\t<svg xmlns=\"http:\/\/www.w3.org\/2000\/svg\" viewbox=\"0 0 1000 100\" preserveaspectratio=\"none\">\n\t<path class=\"elementor-shape-fill\" d=\"M421.9,6.5c22.6-2.5,51.5,0.4,75.5,5.3c23.6,4.9,70.9,23.5,100.5,35.7c75.8,32.2,133.7,44.5,192.6,49.7\tc23.6,2.1,48.7,3.5,103.4-2.5c54.7-6,106.2-25.6,106.2-25.6V0H0v30.3c0,0,72,32.6,158.4,30.5c39.2-0.7,92.8-6.7,134-22.4\tc21.2-8.1,52.2-18.2,79.7-24.2C399.3,7.9,411.6,7.5,421.9,6.5z\"\/>\n<\/svg>\t\t<\/div>\n\t\t\t\t<div class=\"elementor-shape elementor-shape-bottom\" aria-hidden=\"true\" data-negative=\"false\">\n\t\t\t<svg xmlns=\"http:\/\/www.w3.org\/2000\/svg\" viewbox=\"0 0 1000 100\" preserveaspectratio=\"none\">\n\t<path class=\"elementor-shape-fill\" d=\"M421.9,6.5c22.6-2.5,51.5,0.4,75.5,5.3c23.6,4.9,70.9,23.5,100.5,35.7c75.8,32.2,133.7,44.5,192.6,49.7\tc23.6,2.1,48.7,3.5,103.4-2.5c54.7-6,106.2-25.6,106.2-25.6V0H0v30.3c0,0,72,32.6,158.4,30.5c39.2-0.7,92.8-6.7,134-22.4\tc21.2-8.1,52.2-18.2,79.7-24.2C399.3,7.9,411.6,7.5,421.9,6.5z\"\/>\n<\/svg>\t\t<\/div>\n\t\t\t\t\t<div class=\"elementor-container elementor-column-gap-default\">\n\t\t\t\t\t<div class=\"elementor-column elementor-col-66 elementor-top-column elementor-element elementor-element-fa9ea6c\" data-id=\"fa9ea6c\" data-element_type=\"column\" data-e-type=\"column\">\n\t\t\t<div class=\"elementor-widget-wrap elementor-element-populated\">\n\t\t\t\t\t\t<div class=\"elementor-element elementor-element-6f5f7ef elementor-widget elementor-widget-breadcrumbs\" data-id=\"6f5f7ef\" data-element_type=\"widget\" data-e-type=\"widget\" data-widget_type=\"breadcrumbs.default\">\n\t\t\t\t<div class=\"elementor-widget-container\">\n\t\t\t\t\t<p id=\"breadcrumbs\"><span><span><a href=\"https:\/\/duram.co.il\/es\/\">Hogar<\/a><\/span><\/span><\/p>\t\t\t\t<\/div>\n\t\t\t\t<\/div>\n\t\t\t\t<div class=\"elementor-element elementor-element-10611da elementor-widget elementor-widget-heading\" data-id=\"10611da\" data-element_type=\"widget\" data-e-type=\"widget\" data-widget_type=\"heading.default\">\n\t\t\t\t<div class=\"elementor-widget-container\">\n\t\t\t\t\t<h2 class=\"elementor-heading-title elementor-size-default\">Verduras y especias<\/h2>\t\t\t\t<\/div>\n\t\t\t\t<\/div>\n\t\t\t\t\t<\/div>\n\t\t<\/div>\n\t\t\t\t<div class=\"elementor-column elementor-col-33 elementor-top-column elementor-element elementor-element-805cef5\" data-id=\"805cef5\" data-element_type=\"column\" data-e-type=\"column\" data-settings=\"{&quot;background_background&quot;:&quot;classic&quot;}\">\n\t\t\t<div class=\"elementor-widget-wrap elementor-element-populated\">\n\t\t\t\t\t\t<div class=\"elementor-element elementor-element-19f5a91 elementor-widget elementor-widget-image\" data-id=\"19f5a91\" data-element_type=\"widget\" data-e-type=\"widget\" data-widget_type=\"image.default\">\n\t\t\t\t<div class=\"elementor-widget-container\">\n\t\t\t\t\t\t\t\t\t\t\t\t\t\t\t<img decoding=\"async\" src=\"https:\/\/duram.co.il\/wp-content\/uploads\/elementor\/thumbs\/vegs-pxusk8gbrvremff10o2aiufckmz7t45j3cptm1ekao.jpg\" title=\"verduras\" alt=\"Mixed vegetables and fruits background healthy food clean eating for health \/ Assorted fresh ripe fruit red yellow purple and green vegetables market harvesting agricultural products\" loading=\"lazy\" \/>\t\t\t\t\t\t\t\t\t\t\t\t\t\t\t<\/div>\n\t\t\t\t<\/div>\n\t\t\t\t\t<\/div>\n\t\t<\/div>\n\t\t\t\t\t<\/div>\n\t\t<\/section>\n\t\t\t\t<section class=\"elementor-section elementor-top-section elementor-element elementor-element-0231fcd elementor-section-content-middle elementor-section-boxed elementor-section-height-default elementor-section-height-default\" data-id=\"0231fcd\" data-element_type=\"section\" data-e-type=\"section\">\n\t\t\t\t\t\t<div class=\"elementor-container elementor-column-gap-default\">\n\t\t\t\t\t<div class=\"elementor-column elementor-col-100 elementor-top-column elementor-element elementor-element-2641e33\" data-id=\"2641e33\" data-element_type=\"column\" data-e-type=\"column\">\n\t\t\t<div class=\"elementor-widget-wrap elementor-element-populated\">\n\t\t\t\t\t\t<div class=\"elementor-element elementor-element-42284e0 elementor-widget elementor-widget-heading\" data-id=\"42284e0\" data-element_type=\"widget\" data-e-type=\"widget\" data-widget_type=\"heading.default\">\n\t\t\t\t<div class=\"elementor-widget-container\">\n\t\t\t\t\t<h2 class=\"elementor-heading-title elementor-size-default\">Rendimiento eficiente y larga duraci\u00f3n.<\/h2>\t\t\t\t<\/div>\n\t\t\t\t<\/div>\n\t\t\t\t<div class=\"elementor-element elementor-element-e8018f9 elementor-widget elementor-widget-text-editor\" data-id=\"e8018f9\" data-element_type=\"widget\" data-e-type=\"widget\" data-widget_type=\"text-editor.default\">\n\t\t\t\t<div class=\"elementor-widget-container\">\n\t\t\t\t\t\t\t\t\t<p>Duram Rubber Products es uno de los principales fabricantes de dedos desplumadores para m\u00e1quinas desplumadoras autom\u00e1ticas. Duram produce una amplia gama de dedos de recolecci\u00f3n de alta calidad para todo tipo de equipos de recolecci\u00f3n disponibles en el mercado internacional. Los dedos duram son<br \/>Se producen en grandes cantidades mediante modernos equipos controlados por ordenador y se distribuyen en muchos pa\u00edses del mundo.<\/p><p>El uso exclusivo de materias primas de alta calidad, t\u00e9cnicas de producci\u00f3n progresivas, dise\u00f1o concienzudo y control de calidad estricto en todas las etapas de producci\u00f3n garantizan un rendimiento eficiente de los dedos y una larga duraci\u00f3n en el selector, ahorrando as\u00ed costos y tiempo de reemplazo.<\/p><p>La amplia variedad de dedos y grados de dureza permite a cada planta elegir los mejores dedos para sus condiciones y necesidades espec\u00edficas.<\/p><p>Todos los compuestos de caucho utilizados para los dedos Duram est\u00e1n aprobados por el USDA y son seguros para el contacto con alimentos. Los dedos Duram tambi\u00e9n est\u00e1n disponibles en forma antibacteriana. Elaborado a partir de un compuesto especial, sofisticado y \u00fanico que previene el crecimiento de bacterias como<br \/>Salmonella en los dedos, estos dedos est\u00e1n disponibles en todos los tama\u00f1os y grados de dureza.<\/p>\t\t\t\t\t\t\t\t<\/div>\n\t\t\t\t<\/div>\n\t\t\t\t\t<\/div>\n\t\t<\/div>\n\t\t\t\t\t<\/div>\n\t\t<\/section>\n\t\t\t\t<section class=\"elementor-section elementor-top-section elementor-element elementor-element-818f40e elementor-section-boxed elementor-section-height-default elementor-section-height-default\" data-id=\"818f40e\" data-element_type=\"section\" data-e-type=\"section\">\n\t\t\t\t\t\t<div class=\"elementor-container elementor-column-gap-default\">\n\t\t\t\t\t<div class=\"elementor-column elementor-col-100 elementor-top-column elementor-element elementor-element-1caca7a\" data-id=\"1caca7a\" data-element_type=\"column\" data-e-type=\"column\">\n\t\t\t<div class=\"elementor-widget-wrap elementor-element-populated\">\n\t\t\t\t\t\t<section class=\"elementor-section elementor-inner-section elementor-element elementor-element-f242b6d elementor-section-boxed elementor-section-height-default elementor-section-height-default\" data-id=\"f242b6d\" data-element_type=\"section\" data-e-type=\"section\">\n\t\t\t\t\t\t<div class=\"elementor-container elementor-column-gap-default\">\n\t\t\t\t\t<div class=\"elementor-column elementor-col-25 elementor-inner-column elementor-element elementor-element-7b0ab12\" data-id=\"7b0ab12\" data-element_type=\"column\" data-e-type=\"column\">\n\t\t\t<div class=\"elementor-widget-wrap elementor-element-populated\">\n\t\t\t\t\t\t<div class=\"elementor-element elementor-element-c307786 elementor-widget elementor-widget-image\" data-id=\"c307786\" data-element_type=\"widget\" data-e-type=\"widget\" data-widget_type=\"image.default\">\n\t\t\t\t<div class=\"elementor-widget-container\">\n\t\t\t\t\t\t\t\t\t\t\t\t<figure class=\"wp-caption\">\n\t\t\t\t\t\t\t\t\t\t<img decoding=\"async\" src=\"https:\/\/duram.co.il\/wp-content\/uploads\/elementor\/thumbs\/20220905_115542-01-puloo5mxxrmhlmhy0wy03oku9i4u5c4n1hthyomowk.jpeg\" title=\"20220905_115542-01\" alt=\"20220905_115542-01\" loading=\"lazy\" \/>\t\t\t\t\t\t\t\t\t\t\t<figcaption class=\"widget-image-caption wp-caption-text\"><\/figcaption>\n\t\t\t\t\t\t\t\t\t\t<\/figure>\n\t\t\t\t\t\t\t\t\t<\/div>\n\t\t\t\t<\/div>\n\t\t\t\t\t<\/div>\n\t\t<\/div>\n\t\t\t\t<div class=\"elementor-column elementor-col-25 elementor-inner-column elementor-element elementor-element-3a921b1\" data-id=\"3a921b1\" data-element_type=\"column\" data-e-type=\"column\">\n\t\t\t<div class=\"elementor-widget-wrap elementor-element-populated\">\n\t\t\t\t\t\t<div class=\"elementor-element elementor-element-57ee4a0 elementor-widget elementor-widget-image\" data-id=\"57ee4a0\" data-element_type=\"widget\" data-e-type=\"widget\" data-widget_type=\"image.default\">\n\t\t\t\t<div class=\"elementor-widget-container\">\n\t\t\t\t\t\t\t\t\t\t\t\t<figure class=\"wp-caption\">\n\t\t\t\t\t\t\t\t\t\t<img decoding=\"async\" src=\"https:\/\/duram.co.il\/wp-content\/uploads\/elementor\/thumbs\/picking1-pswfe7ruv2s44yteiocqxyh87z1ok0kflrsdsuvx5g.jpg\" title=\"recogiendo1\" alt=\"picking1\" loading=\"lazy\" \/>\t\t\t\t\t\t\t\t\t\t\t<figcaption class=\"widget-image-caption wp-caption-text\"><\/figcaption>\n\t\t\t\t\t\t\t\t\t\t<\/figure>\n\t\t\t\t\t\t\t\t\t<\/div>\n\t\t\t\t<\/div>\n\t\t\t\t\t<\/div>\n\t\t<\/div>\n\t\t\t\t<div class=\"elementor-column elementor-col-25 elementor-inner-column elementor-element elementor-element-ad412bd\" data-id=\"ad412bd\" data-element_type=\"column\" data-e-type=\"column\">\n\t\t\t<div class=\"elementor-widget-wrap\">\n\t\t\t\t\t\t\t<\/div>\n\t\t<\/div>\n\t\t\t\t<div class=\"elementor-column elementor-col-25 elementor-inner-column elementor-element elementor-element-a749c09\" data-id=\"a749c09\" data-element_type=\"column\" data-e-type=\"column\">\n\t\t\t<div class=\"elementor-widget-wrap\">\n\t\t\t\t\t\t\t<\/div>\n\t\t<\/div>\n\t\t\t\t\t<\/div>\n\t\t<\/section>\n\t\t\t\t\t<\/div>\n\t\t<\/div>\n\t\t\t\t\t<\/div>\n\t\t<\/section>\n\t\t\t\t<\/div>","protected":false},"excerpt":{"rendered":"<p>Efficient performance and long duration Duram Rubber Products is one of the leading manufacturers of picking fingers for automatic defeathering machines. Duram produces a wide range of high-quality picking fingers for all types of picking equipment available on the international market. Duram fingers areproduced by modern computer-controlled equipment in large quantities and are distributed in [&hellip;]<\/p>\n","protected":false},"author":1,"featured_media":0,"parent":45,"menu_order":0,"comment_status":"closed","ping_status":"closed","template":"elementor_header_footer","meta":{"_acf_changed":false,"footnotes":""},"class_list":["post-853","page","type-page","status-publish","hentry"],"acf":[],"yoast_head":"<!-- This site is optimized with the Yoast SEO plugin v27.3 - https:\/\/yoast.com\/product\/yoast-seo-wordpress\/ -->\n<title>Vegetables &amp; Spices - Duram Rubber Products<\/title>\n<meta name=\"robots\" content=\"index, follow, max-snippet:-1, max-image-preview:large, max-video-preview:-1\" \/>\n<link rel=\"canonical\" href=\"https:\/\/duram.co.il\/es\/products\/vegetables-spices\/\" \/>\n<meta property=\"og:locale\" content=\"es_ES\" \/>\n<meta property=\"og:type\" content=\"article\" \/>\n<meta property=\"og:title\" content=\"Vegetables &amp; Spices - Duram Rubber Products\" \/>\n<meta property=\"og:description\" content=\"Efficient performance and long duration Duram Rubber Products is one of the leading manufacturers of picking fingers for automatic defeathering machines. Duram produces a wide range of high-quality picking fingers for all types of picking equipment available on the international market. Duram fingers areproduced by modern computer-controlled equipment in large quantities and are distributed in [&hellip;]\" \/>\n<meta property=\"og:url\" content=\"https:\/\/duram.co.il\/es\/products\/vegetables-spices\/\" \/>\n<meta property=\"og:site_name\" content=\"Duram Rubber Products\" \/>\n<meta property=\"article:modified_time\" content=\"2024-11-14T16:13:15+00:00\" \/>\n<meta property=\"og:image\" content=\"https:\/\/duram.co.il\/wp-content\/uploads\/elementor\/thumbs\/vegs-pxusk8gbrvremff10o2aiufckmz7t45j3cptm1ekao.jpg\" \/>\n<meta name=\"twitter:card\" content=\"summary_large_image\" \/>\n<meta name=\"twitter:label1\" content=\"Tiempo de lectura\" \/>\n\t<meta name=\"twitter:data1\" content=\"2 minutos\" \/>\n<script type=\"application\/ld+json\" class=\"yoast-schema-graph\">{\"@context\":\"https:\\\/\\\/schema.org\",\"@graph\":[{\"@type\":\"WebPage\",\"@id\":\"https:\\\/\\\/duram.co.il\\\/products\\\/vegetables-spices\\\/\",\"url\":\"https:\\\/\\\/duram.co.il\\\/products\\\/vegetables-spices\\\/\",\"name\":\"Vegetables & Spices - Duram Rubber Products\",\"isPartOf\":{\"@id\":\"https:\\\/\\\/duram.co.il\\\/#website\"},\"primaryImageOfPage\":{\"@id\":\"https:\\\/\\\/duram.co.il\\\/products\\\/vegetables-spices\\\/#primaryimage\"},\"image\":{\"@id\":\"https:\\\/\\\/duram.co.il\\\/products\\\/vegetables-spices\\\/#primaryimage\"},\"thumbnailUrl\":\"https:\\\/\\\/duram.co.il\\\/wp-content\\\/uploads\\\/elementor\\\/thumbs\\\/vegs-pxusk8gbrvremff10o2aiufckmz7t45j3cptm1ekao.jpg\",\"datePublished\":\"2022-11-17T17:01:28+00:00\",\"dateModified\":\"2024-11-14T16:13:15+00:00\",\"breadcrumb\":{\"@id\":\"https:\\\/\\\/duram.co.il\\\/products\\\/vegetables-spices\\\/#breadcrumb\"},\"inLanguage\":\"es\",\"potentialAction\":[{\"@type\":\"ReadAction\",\"target\":[\"https:\\\/\\\/duram.co.il\\\/products\\\/vegetables-spices\\\/\"]}]},{\"@type\":\"ImageObject\",\"inLanguage\":\"es\",\"@id\":\"https:\\\/\\\/duram.co.il\\\/products\\\/vegetables-spices\\\/#primaryimage\",\"url\":\"https:\\\/\\\/duram.co.il\\\/wp-content\\\/uploads\\\/elementor\\\/thumbs\\\/vegs-pxusk8gbrvremff10o2aiufckmz7t45j3cptm1ekao.jpg\",\"contentUrl\":\"https:\\\/\\\/duram.co.il\\\/wp-content\\\/uploads\\\/elementor\\\/thumbs\\\/vegs-pxusk8gbrvremff10o2aiufckmz7t45j3cptm1ekao.jpg\"},{\"@type\":\"BreadcrumbList\",\"@id\":\"https:\\\/\\\/duram.co.il\\\/products\\\/vegetables-spices\\\/#breadcrumb\",\"itemListElement\":[{\"@type\":\"ListItem\",\"position\":1,\"name\":\"Home\",\"item\":\"https:\\\/\\\/duram.co.il\\\/\"},{\"@type\":\"ListItem\",\"position\":2,\"name\":\"Products\",\"item\":\"https:\\\/\\\/duram.co.il\\\/products\\\/\"},{\"@type\":\"ListItem\",\"position\":3,\"name\":\"Vegetables &#038; Spices\"}]},{\"@type\":\"WebSite\",\"@id\":\"https:\\\/\\\/duram.co.il\\\/#website\",\"url\":\"https:\\\/\\\/duram.co.il\\\/\",\"name\":\"Duram Rubber Products\",\"description\":\"\u05d3\u05d5\u05e8\u05dd \u05de\u05d5\u05e6\u05e8\u05d9 \u05d2\u05d5\u05de\u05d9 \u05d1\u05d4\u05d6\u05e8\u05e7\u05d4\",\"publisher\":{\"@id\":\"https:\\\/\\\/duram.co.il\\\/#organization\"},\"potentialAction\":[{\"@type\":\"SearchAction\",\"target\":{\"@type\":\"EntryPoint\",\"urlTemplate\":\"https:\\\/\\\/duram.co.il\\\/?s={search_term_string}\"},\"query-input\":{\"@type\":\"PropertyValueSpecification\",\"valueRequired\":true,\"valueName\":\"search_term_string\"}}],\"inLanguage\":\"es\"},{\"@type\":\"Organization\",\"@id\":\"https:\\\/\\\/duram.co.il\\\/#organization\",\"name\":\"Duram Rubber Products\",\"url\":\"https:\\\/\\\/duram.co.il\\\/\",\"logo\":{\"@type\":\"ImageObject\",\"inLanguage\":\"es\",\"@id\":\"https:\\\/\\\/duram.co.il\\\/#\\\/schema\\\/logo\\\/image\\\/\",\"url\":\"https:\\\/\\\/duram.co.il\\\/wp-content\\\/uploads\\\/2022\\\/11\\\/Duram-logo.png\",\"contentUrl\":\"https:\\\/\\\/duram.co.il\\\/wp-content\\\/uploads\\\/2022\\\/11\\\/Duram-logo.png\",\"width\":600,\"height\":160,\"caption\":\"Duram Rubber Products\"},\"image\":{\"@id\":\"https:\\\/\\\/duram.co.il\\\/#\\\/schema\\\/logo\\\/image\\\/\"}}]}<\/script>\n<!-- \/ Yoast SEO plugin. -->","yoast_head_json":{"title":"Verduras y especias - Duram Productos de caucho","robots":{"index":"index","follow":"follow","max-snippet":"max-snippet:-1","max-image-preview":"max-image-preview:large","max-video-preview":"max-video-preview:-1"},"canonical":"https:\/\/duram.co.il\/es\/products\/vegetables-spices\/","og_locale":"es_ES","og_type":"article","og_title":"Vegetables & Spices - Duram Rubber Products","og_description":"Efficient performance and long duration Duram Rubber Products is one of the leading manufacturers of picking fingers for automatic defeathering machines. Duram produces a wide range of high-quality picking fingers for all types of picking equipment available on the international market. Duram fingers areproduced by modern computer-controlled equipment in large quantities and are distributed in [&hellip;]","og_url":"https:\/\/duram.co.il\/es\/products\/vegetables-spices\/","og_site_name":"Duram Rubber Products","article_modified_time":"2024-11-14T16:13:15+00:00","og_image":[{"url":"https:\/\/duram.co.il\/wp-content\/uploads\/elementor\/thumbs\/vegs-pxusk8gbrvremff10o2aiufckmz7t45j3cptm1ekao.jpg","type":"","width":"","height":""}],"twitter_card":"summary_large_image","twitter_misc":{"Tiempo de lectura":"2 minutos"},"schema":{"@context":"https:\/\/schema.org","@graph":[{"@type":"WebPage","@id":"https:\/\/duram.co.il\/products\/vegetables-spices\/","url":"https:\/\/duram.co.il\/products\/vegetables-spices\/","name":"Verduras y especias - Duram Productos de caucho","isPartOf":{"@id":"https:\/\/duram.co.il\/#website"},"primaryImageOfPage":{"@id":"https:\/\/duram.co.il\/products\/vegetables-spices\/#primaryimage"},"image":{"@id":"https:\/\/duram.co.il\/products\/vegetables-spices\/#primaryimage"},"thumbnailUrl":"https:\/\/duram.co.il\/wp-content\/uploads\/elementor\/thumbs\/vegs-pxusk8gbrvremff10o2aiufckmz7t45j3cptm1ekao.jpg","datePublished":"2022-11-17T17:01:28+00:00","dateModified":"2024-11-14T16:13:15+00:00","breadcrumb":{"@id":"https:\/\/duram.co.il\/products\/vegetables-spices\/#breadcrumb"},"inLanguage":"es","potentialAction":[{"@type":"ReadAction","target":["https:\/\/duram.co.il\/products\/vegetables-spices\/"]}]},{"@type":"ImageObject","inLanguage":"es","@id":"https:\/\/duram.co.il\/products\/vegetables-spices\/#primaryimage","url":"https:\/\/duram.co.il\/wp-content\/uploads\/elementor\/thumbs\/vegs-pxusk8gbrvremff10o2aiufckmz7t45j3cptm1ekao.jpg","contentUrl":"https:\/\/duram.co.il\/wp-content\/uploads\/elementor\/thumbs\/vegs-pxusk8gbrvremff10o2aiufckmz7t45j3cptm1ekao.jpg"},{"@type":"BreadcrumbList","@id":"https:\/\/duram.co.il\/products\/vegetables-spices\/#breadcrumb","itemListElement":[{"@type":"ListItem","position":1,"name":"Home","item":"https:\/\/duram.co.il\/"},{"@type":"ListItem","position":2,"name":"Products","item":"https:\/\/duram.co.il\/products\/"},{"@type":"ListItem","position":3,"name":"Vegetables &#038; Spices"}]},{"@type":"WebSite","@id":"https:\/\/duram.co.il\/#website","url":"https:\/\/duram.co.il\/","name":"Productos de caucho Duram","description":"\u05d3\u05d5\u05e8\u05dd \u05de\u05d5\u05e6\u05e8\u05d9 \u05d2\u05d5\u05de\u05d9 \u05d1\u05d4\u05d6\u05e8\u05e7\u05d4","publisher":{"@id":"https:\/\/duram.co.il\/#organization"},"potentialAction":[{"@type":"SearchAction","target":{"@type":"EntryPoint","urlTemplate":"https:\/\/duram.co.il\/?s={search_term_string}"},"query-input":{"@type":"PropertyValueSpecification","valueRequired":true,"valueName":"search_term_string"}}],"inLanguage":"es"},{"@type":"Organization","@id":"https:\/\/duram.co.il\/#organization","name":"Productos de caucho Duram","url":"https:\/\/duram.co.il\/","logo":{"@type":"ImageObject","inLanguage":"es","@id":"https:\/\/duram.co.il\/#\/schema\/logo\/image\/","url":"https:\/\/duram.co.il\/wp-content\/uploads\/2022\/11\/Duram-logo.png","contentUrl":"https:\/\/duram.co.il\/wp-content\/uploads\/2022\/11\/Duram-logo.png","width":600,"height":160,"caption":"Duram Rubber Products"},"image":{"@id":"https:\/\/duram.co.il\/#\/schema\/logo\/image\/"}}]}},"_links":{"self":[{"href":"https:\/\/duram.co.il\/es\/wp-json\/wp\/v2\/pages\/853","targetHints":{"allow":["GET"]}}],"collection":[{"href":"https:\/\/duram.co.il\/es\/wp-json\/wp\/v2\/pages"}],"about":[{"href":"https:\/\/duram.co.il\/es\/wp-json\/wp\/v2\/types\/page"}],"author":[{"embeddable":true,"href":"https:\/\/duram.co.il\/es\/wp-json\/wp\/v2\/users\/1"}],"replies":[{"embeddable":true,"href":"https:\/\/duram.co.il\/es\/wp-json\/wp\/v2\/comments?post=853"}],"version-history":[{"count":14,"href":"https:\/\/duram.co.il\/es\/wp-json\/wp\/v2\/pages\/853\/revisions"}],"predecessor-version":[{"id":4551,"href":"https:\/\/duram.co.il\/es\/wp-json\/wp\/v2\/pages\/853\/revisions\/4551"}],"up":[{"embeddable":true,"href":"https:\/\/duram.co.il\/es\/wp-json\/wp\/v2\/pages\/45"}],"wp:attachment":[{"href":"https:\/\/duram.co.il\/es\/wp-json\/wp\/v2\/media?parent=853"}],"curies":[{"name":"wp","href":"https:\/\/api.w.org\/{rel}","templated":true}]}}