{"id":777,"date":"2022-11-17T16:29:18","date_gmt":"2022-11-17T16:29:18","guid":{"rendered":"http:\/\/s915691574.onlinehome.us\/?page_id=777"},"modified":"2024-11-14T16:18:19","modified_gmt":"2024-11-14T16:18:19","slug":"security","status":"publish","type":"page","link":"https:\/\/duram.co.il\/pt\/products\/technical-rubber-parts\/security\/","title":{"rendered":"Seguran\u00e7a"},"content":{"rendered":"<div data-elementor-type=\"wp-page\" data-elementor-id=\"777\" class=\"elementor elementor-777\" data-elementor-post-type=\"page\">\n\t\t\t\t\t\t<section class=\"elementor-section elementor-top-section elementor-element elementor-element-3ba51b1d elementor-section-content-middle elementor-section-boxed elementor-section-height-default elementor-section-height-default\" data-id=\"3ba51b1d\" data-element_type=\"section\" data-e-type=\"section\" data-settings=\"{&quot;background_background&quot;:&quot;classic&quot;,&quot;shape_divider_bottom&quot;:&quot;waves&quot;,&quot;shape_divider_top&quot;:&quot;waves&quot;}\">\n\t\t\t\t\t\t\t<div class=\"elementor-background-overlay\"><\/div>\n\t\t\t\t\t\t<div class=\"elementor-shape elementor-shape-top\" aria-hidden=\"true\" data-negative=\"false\">\n\t\t\t<svg xmlns=\"http:\/\/www.w3.org\/2000\/svg\" viewbox=\"0 0 1000 100\" preserveaspectratio=\"none\">\n\t<path class=\"elementor-shape-fill\" d=\"M421.9,6.5c22.6-2.5,51.5,0.4,75.5,5.3c23.6,4.9,70.9,23.5,100.5,35.7c75.8,32.2,133.7,44.5,192.6,49.7\tc23.6,2.1,48.7,3.5,103.4-2.5c54.7-6,106.2-25.6,106.2-25.6V0H0v30.3c0,0,72,32.6,158.4,30.5c39.2-0.7,92.8-6.7,134-22.4\tc21.2-8.1,52.2-18.2,79.7-24.2C399.3,7.9,411.6,7.5,421.9,6.5z\"\/>\n<\/svg>\t\t<\/div>\n\t\t\t\t<div class=\"elementor-shape elementor-shape-bottom\" aria-hidden=\"true\" data-negative=\"false\">\n\t\t\t<svg xmlns=\"http:\/\/www.w3.org\/2000\/svg\" viewbox=\"0 0 1000 100\" preserveaspectratio=\"none\">\n\t<path class=\"elementor-shape-fill\" d=\"M421.9,6.5c22.6-2.5,51.5,0.4,75.5,5.3c23.6,4.9,70.9,23.5,100.5,35.7c75.8,32.2,133.7,44.5,192.6,49.7\tc23.6,2.1,48.7,3.5,103.4-2.5c54.7-6,106.2-25.6,106.2-25.6V0H0v30.3c0,0,72,32.6,158.4,30.5c39.2-0.7,92.8-6.7,134-22.4\tc21.2-8.1,52.2-18.2,79.7-24.2C399.3,7.9,411.6,7.5,421.9,6.5z\"\/>\n<\/svg>\t\t<\/div>\n\t\t\t\t\t<div class=\"elementor-container elementor-column-gap-default\">\n\t\t\t\t\t<div class=\"elementor-column elementor-col-66 elementor-top-column elementor-element elementor-element-bdd7c8a\" data-id=\"bdd7c8a\" data-element_type=\"column\" data-e-type=\"column\">\n\t\t\t<div class=\"elementor-widget-wrap elementor-element-populated\">\n\t\t\t\t\t\t<div class=\"elementor-element elementor-element-62ea3bb elementor-widget elementor-widget-breadcrumbs\" data-id=\"62ea3bb\" data-element_type=\"widget\" data-e-type=\"widget\" data-widget_type=\"breadcrumbs.default\">\n\t\t\t\t<div class=\"elementor-widget-container\">\n\t\t\t\t\t<p id=\"breadcrumbs\"><span><span><a href=\"https:\/\/duram.co.il\/pt\/\">In\u00edcio<\/a><\/span><\/span><\/p>\t\t\t\t<\/div>\n\t\t\t\t<\/div>\n\t\t\t\t<div class=\"elementor-element elementor-element-5737bcc0 elementor-widget elementor-widget-heading\" data-id=\"5737bcc0\" data-element_type=\"widget\" data-e-type=\"widget\" data-widget_type=\"heading.default\">\n\t\t\t\t<div class=\"elementor-widget-container\">\n\t\t\t\t\t<h2 class=\"elementor-heading-title elementor-size-default\">Seguran\u00e7a<\/h2>\t\t\t\t<\/div>\n\t\t\t\t<\/div>\n\t\t\t\t\t<\/div>\n\t\t<\/div>\n\t\t\t\t<div class=\"elementor-column elementor-col-33 elementor-top-column elementor-element elementor-element-1f0037cf\" data-id=\"1f0037cf\" data-element_type=\"column\" data-e-type=\"column\" data-settings=\"{&quot;background_background&quot;:&quot;classic&quot;}\">\n\t\t\t<div class=\"elementor-widget-wrap elementor-element-populated\">\n\t\t\t\t\t\t<div class=\"elementor-element elementor-element-76e1c435 elementor-widget elementor-widget-image\" data-id=\"76e1c435\" data-element_type=\"widget\" data-e-type=\"widget\" data-widget_type=\"image.default\">\n\t\t\t\t<div class=\"elementor-widget-container\">\n\t\t\t\t\t\t\t\t\t\t\t\t\t\t\t<img decoding=\"async\" src=\"https:\/\/duram.co.il\/wp-content\/uploads\/elementor\/thumbs\/security-pxutaf8g6pm03bdl3hl3hqioe3wd9j4b0z1tykkoxs.jpg\" title=\"seguran\u00e7a\" alt=\"security\" loading=\"lazy\" \/>\t\t\t\t\t\t\t\t\t\t\t\t\t\t\t<\/div>\n\t\t\t\t<\/div>\n\t\t\t\t\t<\/div>\n\t\t<\/div>\n\t\t\t\t\t<\/div>\n\t\t<\/section>\n\t\t\t\t<section class=\"elementor-section elementor-top-section elementor-element elementor-element-595e82e1 elementor-section-content-middle elementor-section-boxed elementor-section-height-default elementor-section-height-default\" data-id=\"595e82e1\" data-element_type=\"section\" data-e-type=\"section\">\n\t\t\t\t\t\t<div class=\"elementor-container elementor-column-gap-default\">\n\t\t\t\t\t<div class=\"elementor-column elementor-col-100 elementor-top-column elementor-element elementor-element-37f51cda\" data-id=\"37f51cda\" data-element_type=\"column\" data-e-type=\"column\">\n\t\t\t<div class=\"elementor-widget-wrap elementor-element-populated\">\n\t\t\t\t\t\t<div class=\"elementor-element elementor-element-6bdddfcd elementor-widget elementor-widget-heading\" data-id=\"6bdddfcd\" data-element_type=\"widget\" data-e-type=\"widget\" data-widget_type=\"heading.default\">\n\t\t\t\t<div class=\"elementor-widget-container\">\n\t\t\t\t\t<h2 class=\"elementor-heading-title elementor-size-default\">Feito sob medida para uma ampla gama de aplica\u00e7\u00f5es<\/h2>\t\t\t\t<\/div>\n\t\t\t\t<\/div>\n\t\t\t\t<div class=\"elementor-element elementor-element-61452e4b elementor-widget elementor-widget-text-editor\" data-id=\"61452e4b\" data-element_type=\"widget\" data-e-type=\"widget\" data-widget_type=\"text-editor.default\">\n\t\t\t\t<div class=\"elementor-widget-container\">\n\t\t\t\t\t\t\t\t\t<p>Uma ampla variedade de produtos de borracha para usos t\u00e9cnicos; pe\u00e7as para sistemas de comunica\u00e7\u00e3o e dispositivos eletr\u00f4nicos, pe\u00e7as de computador, etc<br \/>Essas pe\u00e7as s\u00e3o produzidas em v\u00e1rios tipos e compostos de borracha, incluindo borracha natural, NBR, EPDM, Viton\u00ae, silicone etc., de acordo com os requisitos espec\u00edficos do cliente.<\/p>\t\t\t\t\t\t\t\t<\/div>\n\t\t\t\t<\/div>\n\t\t\t\t\t<\/div>\n\t\t<\/div>\n\t\t\t\t\t<\/div>\n\t\t<\/section>\n\t\t\t\t<section class=\"elementor-section elementor-top-section elementor-element elementor-element-55fc02a8 elementor-section-boxed elementor-section-height-default elementor-section-height-default\" data-id=\"55fc02a8\" data-element_type=\"section\" data-e-type=\"section\">\n\t\t\t\t\t\t<div class=\"elementor-container elementor-column-gap-default\">\n\t\t\t\t\t<div class=\"elementor-column elementor-col-100 elementor-top-column elementor-element elementor-element-27edb995\" data-id=\"27edb995\" data-element_type=\"column\" data-e-type=\"column\">\n\t\t\t<div class=\"elementor-widget-wrap elementor-element-populated\">\n\t\t\t\t\t\t<section class=\"elementor-section elementor-inner-section elementor-element elementor-element-26d50ebf elementor-section-boxed elementor-section-height-default elementor-section-height-default\" data-id=\"26d50ebf\" data-element_type=\"section\" data-e-type=\"section\">\n\t\t\t\t\t\t<div class=\"elementor-container elementor-column-gap-default\">\n\t\t\t\t\t<div class=\"elementor-column elementor-col-25 elementor-inner-column elementor-element elementor-element-6298b55e\" data-id=\"6298b55e\" data-element_type=\"column\" data-e-type=\"column\">\n\t\t\t<div class=\"elementor-widget-wrap elementor-element-populated\">\n\t\t\t\t\t\t<div class=\"elementor-element elementor-element-7fa4726c elementor-widget elementor-widget-image\" data-id=\"7fa4726c\" data-element_type=\"widget\" data-e-type=\"widget\" data-widget_type=\"image.default\">\n\t\t\t\t<div class=\"elementor-widget-container\">\n\t\t\t\t\t\t\t\t\t\t\t\t<figure class=\"wp-caption\">\n\t\t\t\t\t\t\t\t\t\t<img decoding=\"async\" src=\"https:\/\/duram.co.il\/wp-content\/uploads\/elementor\/thumbs\/tech2-pswfdxfmrwdyl98f71vuoj35oqgn7cfdwcm1itb91w.jpg\" title=\"tech2\" alt=\"tech2\" loading=\"lazy\" \/>\t\t\t\t\t\t\t\t\t\t\t<figcaption class=\"widget-image-caption wp-caption-text\"><\/figcaption>\n\t\t\t\t\t\t\t\t\t\t<\/figure>\n\t\t\t\t\t\t\t\t\t<\/div>\n\t\t\t\t<\/div>\n\t\t\t\t\t<\/div>\n\t\t<\/div>\n\t\t\t\t<div class=\"elementor-column elementor-col-25 elementor-inner-column elementor-element elementor-element-64a9bbac\" data-id=\"64a9bbac\" data-element_type=\"column\" data-e-type=\"column\">\n\t\t\t<div class=\"elementor-widget-wrap elementor-element-populated\">\n\t\t\t\t\t\t<div class=\"elementor-element elementor-element-7cca046 elementor-widget elementor-widget-image\" data-id=\"7cca046\" data-element_type=\"widget\" data-e-type=\"widget\" data-widget_type=\"image.default\">\n\t\t\t\t<div class=\"elementor-widget-container\">\n\t\t\t\t\t\t\t\t\t\t\t\t<figure class=\"wp-caption\">\n\t\t\t\t\t\t\t\t\t\t<img decoding=\"async\" src=\"https:\/\/duram.co.il\/wp-content\/uploads\/elementor\/thumbs\/tech3-pswfdydgyqf8wv721kah90uma4c0f1j48h9j039uvo.jpg\" title=\"tech3\" alt=\"tech3\" loading=\"lazy\" \/>\t\t\t\t\t\t\t\t\t\t\t<figcaption class=\"widget-image-caption wp-caption-text\"><\/figcaption>\n\t\t\t\t\t\t\t\t\t\t<\/figure>\n\t\t\t\t\t\t\t\t\t<\/div>\n\t\t\t\t<\/div>\n\t\t\t\t\t<\/div>\n\t\t<\/div>\n\t\t\t\t<div class=\"elementor-column elementor-col-25 elementor-inner-column elementor-element elementor-element-39cdecf5\" data-id=\"39cdecf5\" data-element_type=\"column\" data-e-type=\"column\">\n\t\t\t<div class=\"elementor-widget-wrap elementor-element-populated\">\n\t\t\t\t\t\t<div class=\"elementor-element elementor-element-64f40264 elementor-widget elementor-widget-image\" data-id=\"64f40264\" data-element_type=\"widget\" data-e-type=\"widget\" data-widget_type=\"image.default\">\n\t\t\t\t<div class=\"elementor-widget-container\">\n\t\t\t\t\t\t\t\t\t\t\t\t<figure class=\"wp-caption\">\n\t\t\t\t\t\t\t\t\t\t<img decoding=\"async\" src=\"https:\/\/duram.co.il\/wp-content\/uploads\/elementor\/thumbs\/tech4-pswfdzbb5kgj8h5ow2p3tim2vi7dmqmuklx0hd8gpg.jpg\" title=\"tech4\" alt=\"tech4\" loading=\"lazy\" \/>\t\t\t\t\t\t\t\t\t\t\t<figcaption class=\"widget-image-caption wp-caption-text\"><\/figcaption>\n\t\t\t\t\t\t\t\t\t\t<\/figure>\n\t\t\t\t\t\t\t\t\t<\/div>\n\t\t\t\t<\/div>\n\t\t\t\t\t<\/div>\n\t\t<\/div>\n\t\t\t\t<div class=\"elementor-column elementor-col-25 elementor-inner-column elementor-element elementor-element-cf1b030\" data-id=\"cf1b030\" data-element_type=\"column\" data-e-type=\"column\">\n\t\t\t<div class=\"elementor-widget-wrap elementor-element-populated\">\n\t\t\t\t\t\t<div class=\"elementor-element elementor-element-32ce08e6 elementor-widget elementor-widget-image\" data-id=\"32ce08e6\" data-element_type=\"widget\" data-e-type=\"widget\" data-widget_type=\"image.default\">\n\t\t\t\t<div class=\"elementor-widget-container\">\n\t\t\t\t\t\t\t\t\t\t\t\t<figure class=\"wp-caption\">\n\t\t\t\t\t\t\t\t\t\t<img decoding=\"async\" src=\"https:\/\/duram.co.il\/wp-content\/uploads\/elementor\/thumbs\/tech5-pswfe16zj8j3vp2yl3icyi5029y424ub8v7zfx5od0.jpg\" title=\"tecnologia5\" alt=\"tech5\" loading=\"lazy\" \/>\t\t\t\t\t\t\t\t\t\t\t<figcaption class=\"widget-image-caption wp-caption-text\"><\/figcaption>\n\t\t\t\t\t\t\t\t\t\t<\/figure>\n\t\t\t\t\t\t\t\t\t<\/div>\n\t\t\t\t<\/div>\n\t\t\t\t\t<\/div>\n\t\t<\/div>\n\t\t\t\t\t<\/div>\n\t\t<\/section>\n\t\t\t\t\t<\/div>\n\t\t<\/div>\n\t\t\t\t\t<\/div>\n\t\t<\/section>\n\t\t\t\t<\/div>","protected":false},"excerpt":{"rendered":"<p>Uma ampla variedade de produtos de borracha para usos t\u00e9cnicos; pe\u00e7as para sistemas de comunica\u00e7\u00e3o e dispositivos eletr\u00f4nicos, pe\u00e7as de computador etc. Essas pe\u00e7as s\u00e3o produzidas em v\u00e1rios tipos e compostos de borracha, incluindo borracha natural, NBR, EPDM, Viton\u00ae, silicone etc., de acordo com os requisitos espec\u00edficos do cliente.<\/p>","protected":false},"author":1,"featured_media":0,"parent":97,"menu_order":0,"comment_status":"closed","ping_status":"closed","template":"elementor_header_footer","meta":{"_acf_changed":false,"footnotes":""},"class_list":["post-777","page","type-page","status-publish","hentry"],"acf":[],"yoast_head":"<!-- This site is optimized with the Yoast SEO plugin v27.3 - https:\/\/yoast.com\/product\/yoast-seo-wordpress\/ -->\n<title>Security - Duram Rubber Products<\/title>\n<meta name=\"robots\" content=\"index, follow, max-snippet:-1, max-image-preview:large, max-video-preview:-1\" \/>\n<link rel=\"canonical\" href=\"https:\/\/duram.co.il\/pt\/products\/technical-rubber-parts\/security\/\" \/>\n<meta property=\"og:locale\" content=\"pt_BR\" \/>\n<meta property=\"og:type\" content=\"article\" \/>\n<meta property=\"og:title\" content=\"Security - Duram Rubber Products\" \/>\n<meta property=\"og:description\" content=\"Custom made for a wide range of applications A wide range of rubber products for technical uses; parts for communication systems and electronic devices, computer parts, etcThese parts are produces in various rubber types and compounds, including Natural Rubber, NBR, EPDM, Viton\u00ae, silicone etc. as per the customer&#8217;s specific requirements.\" \/>\n<meta property=\"og:url\" content=\"https:\/\/duram.co.il\/pt\/products\/technical-rubber-parts\/security\/\" \/>\n<meta property=\"og:site_name\" content=\"Duram Rubber Products\" \/>\n<meta property=\"article:modified_time\" content=\"2024-11-14T16:18:19+00:00\" \/>\n<meta property=\"og:image\" content=\"https:\/\/duram.co.il\/wp-content\/uploads\/elementor\/thumbs\/security-pxutaf8g6pm03bdl3hl3hqioe3wd9j4b0z1tykkoxs.jpg\" \/>\n<meta name=\"twitter:card\" content=\"summary_large_image\" \/>\n<meta name=\"twitter:label1\" content=\"Est. tempo de leitura\" \/>\n\t<meta name=\"twitter:data1\" content=\"2 minutos\" \/>\n<script type=\"application\/ld+json\" class=\"yoast-schema-graph\">{\"@context\":\"https:\\\/\\\/schema.org\",\"@graph\":[{\"@type\":\"WebPage\",\"@id\":\"https:\\\/\\\/duram.co.il\\\/products\\\/technical-rubber-parts\\\/security\\\/\",\"url\":\"https:\\\/\\\/duram.co.il\\\/products\\\/technical-rubber-parts\\\/security\\\/\",\"name\":\"Security - Duram Rubber Products\",\"isPartOf\":{\"@id\":\"https:\\\/\\\/duram.co.il\\\/#website\"},\"primaryImageOfPage\":{\"@id\":\"https:\\\/\\\/duram.co.il\\\/products\\\/technical-rubber-parts\\\/security\\\/#primaryimage\"},\"image\":{\"@id\":\"https:\\\/\\\/duram.co.il\\\/products\\\/technical-rubber-parts\\\/security\\\/#primaryimage\"},\"thumbnailUrl\":\"https:\\\/\\\/duram.co.il\\\/wp-content\\\/uploads\\\/elementor\\\/thumbs\\\/security-pxutaf8g6pm03bdl3hl3hqioe3wd9j4b0z1tykkoxs.jpg\",\"datePublished\":\"2022-11-17T16:29:18+00:00\",\"dateModified\":\"2024-11-14T16:18:19+00:00\",\"breadcrumb\":{\"@id\":\"https:\\\/\\\/duram.co.il\\\/products\\\/technical-rubber-parts\\\/security\\\/#breadcrumb\"},\"inLanguage\":\"pt-BR\",\"potentialAction\":[{\"@type\":\"ReadAction\",\"target\":[\"https:\\\/\\\/duram.co.il\\\/products\\\/technical-rubber-parts\\\/security\\\/\"]}]},{\"@type\":\"ImageObject\",\"inLanguage\":\"pt-BR\",\"@id\":\"https:\\\/\\\/duram.co.il\\\/products\\\/technical-rubber-parts\\\/security\\\/#primaryimage\",\"url\":\"https:\\\/\\\/duram.co.il\\\/wp-content\\\/uploads\\\/elementor\\\/thumbs\\\/security-pxutaf8g6pm03bdl3hl3hqioe3wd9j4b0z1tykkoxs.jpg\",\"contentUrl\":\"https:\\\/\\\/duram.co.il\\\/wp-content\\\/uploads\\\/elementor\\\/thumbs\\\/security-pxutaf8g6pm03bdl3hl3hqioe3wd9j4b0z1tykkoxs.jpg\"},{\"@type\":\"BreadcrumbList\",\"@id\":\"https:\\\/\\\/duram.co.il\\\/products\\\/technical-rubber-parts\\\/security\\\/#breadcrumb\",\"itemListElement\":[{\"@type\":\"ListItem\",\"position\":1,\"name\":\"Home\",\"item\":\"https:\\\/\\\/duram.co.il\\\/\"},{\"@type\":\"ListItem\",\"position\":2,\"name\":\"Products\",\"item\":\"https:\\\/\\\/duram.co.il\\\/products\\\/\"},{\"@type\":\"ListItem\",\"position\":3,\"name\":\"Technical Rubber Parts\",\"item\":\"https:\\\/\\\/duram.co.il\\\/products\\\/technical-rubber-parts\\\/\"},{\"@type\":\"ListItem\",\"position\":4,\"name\":\"Security\"}]},{\"@type\":\"WebSite\",\"@id\":\"https:\\\/\\\/duram.co.il\\\/#website\",\"url\":\"https:\\\/\\\/duram.co.il\\\/\",\"name\":\"Duram Rubber Products\",\"description\":\"\u05d3\u05d5\u05e8\u05dd \u05de\u05d5\u05e6\u05e8\u05d9 \u05d2\u05d5\u05de\u05d9 \u05d1\u05d4\u05d6\u05e8\u05e7\u05d4\",\"publisher\":{\"@id\":\"https:\\\/\\\/duram.co.il\\\/#organization\"},\"potentialAction\":[{\"@type\":\"SearchAction\",\"target\":{\"@type\":\"EntryPoint\",\"urlTemplate\":\"https:\\\/\\\/duram.co.il\\\/?s={search_term_string}\"},\"query-input\":{\"@type\":\"PropertyValueSpecification\",\"valueRequired\":true,\"valueName\":\"search_term_string\"}}],\"inLanguage\":\"pt-BR\"},{\"@type\":\"Organization\",\"@id\":\"https:\\\/\\\/duram.co.il\\\/#organization\",\"name\":\"Duram Rubber Products\",\"url\":\"https:\\\/\\\/duram.co.il\\\/\",\"logo\":{\"@type\":\"ImageObject\",\"inLanguage\":\"pt-BR\",\"@id\":\"https:\\\/\\\/duram.co.il\\\/#\\\/schema\\\/logo\\\/image\\\/\",\"url\":\"https:\\\/\\\/duram.co.il\\\/wp-content\\\/uploads\\\/2022\\\/11\\\/Duram-logo.png\",\"contentUrl\":\"https:\\\/\\\/duram.co.il\\\/wp-content\\\/uploads\\\/2022\\\/11\\\/Duram-logo.png\",\"width\":600,\"height\":160,\"caption\":\"Duram Rubber Products\"},\"image\":{\"@id\":\"https:\\\/\\\/duram.co.il\\\/#\\\/schema\\\/logo\\\/image\\\/\"}}]}<\/script>\n<!-- \/ Yoast SEO plugin. -->","yoast_head_json":{"title":"Seguran\u00e7a - Produtos de borracha Duram","robots":{"index":"index","follow":"follow","max-snippet":"max-snippet:-1","max-image-preview":"max-image-preview:large","max-video-preview":"max-video-preview:-1"},"canonical":"https:\/\/duram.co.il\/pt\/products\/technical-rubber-parts\/security\/","og_locale":"pt_BR","og_type":"article","og_title":"Security - Duram Rubber Products","og_description":"Custom made for a wide range of applications A wide range of rubber products for technical uses; parts for communication systems and electronic devices, computer parts, etcThese parts are produces in various rubber types and compounds, including Natural Rubber, NBR, EPDM, Viton\u00ae, silicone etc. as per the customer&#8217;s specific requirements.","og_url":"https:\/\/duram.co.il\/pt\/products\/technical-rubber-parts\/security\/","og_site_name":"Duram Rubber Products","article_modified_time":"2024-11-14T16:18:19+00:00","og_image":[{"url":"https:\/\/duram.co.il\/wp-content\/uploads\/elementor\/thumbs\/security-pxutaf8g6pm03bdl3hl3hqioe3wd9j4b0z1tykkoxs.jpg","type":"","width":"","height":""}],"twitter_card":"summary_large_image","twitter_misc":{"Est. tempo de leitura":"2 minutos"},"schema":{"@context":"https:\/\/schema.org","@graph":[{"@type":"WebPage","@id":"https:\/\/duram.co.il\/products\/technical-rubber-parts\/security\/","url":"https:\/\/duram.co.il\/products\/technical-rubber-parts\/security\/","name":"Seguran\u00e7a - Produtos de borracha Duram","isPartOf":{"@id":"https:\/\/duram.co.il\/#website"},"primaryImageOfPage":{"@id":"https:\/\/duram.co.il\/products\/technical-rubber-parts\/security\/#primaryimage"},"image":{"@id":"https:\/\/duram.co.il\/products\/technical-rubber-parts\/security\/#primaryimage"},"thumbnailUrl":"https:\/\/duram.co.il\/wp-content\/uploads\/elementor\/thumbs\/security-pxutaf8g6pm03bdl3hl3hqioe3wd9j4b0z1tykkoxs.jpg","datePublished":"2022-11-17T16:29:18+00:00","dateModified":"2024-11-14T16:18:19+00:00","breadcrumb":{"@id":"https:\/\/duram.co.il\/products\/technical-rubber-parts\/security\/#breadcrumb"},"inLanguage":"pt-BR","potentialAction":[{"@type":"ReadAction","target":["https:\/\/duram.co.il\/products\/technical-rubber-parts\/security\/"]}]},{"@type":"ImageObject","inLanguage":"pt-BR","@id":"https:\/\/duram.co.il\/products\/technical-rubber-parts\/security\/#primaryimage","url":"https:\/\/duram.co.il\/wp-content\/uploads\/elementor\/thumbs\/security-pxutaf8g6pm03bdl3hl3hqioe3wd9j4b0z1tykkoxs.jpg","contentUrl":"https:\/\/duram.co.il\/wp-content\/uploads\/elementor\/thumbs\/security-pxutaf8g6pm03bdl3hl3hqioe3wd9j4b0z1tykkoxs.jpg"},{"@type":"BreadcrumbList","@id":"https:\/\/duram.co.il\/products\/technical-rubber-parts\/security\/#breadcrumb","itemListElement":[{"@type":"ListItem","position":1,"name":"Home","item":"https:\/\/duram.co.il\/"},{"@type":"ListItem","position":2,"name":"Products","item":"https:\/\/duram.co.il\/products\/"},{"@type":"ListItem","position":3,"name":"Technical Rubber Parts","item":"https:\/\/duram.co.il\/products\/technical-rubber-parts\/"},{"@type":"ListItem","position":4,"name":"Security"}]},{"@type":"WebSite","@id":"https:\/\/duram.co.il\/#website","url":"https:\/\/duram.co.il\/","name":"Produtos de borracha Duram","description":"\u05d3\u05d5\u05e8\u05dd \u05de\u05d5\u05e6\u05e8\u05d9 \u05d2\u05d5\u05de\u05d9 \u05d1\u05d4\u05d6\u05e8\u05e7\u05d4","publisher":{"@id":"https:\/\/duram.co.il\/#organization"},"potentialAction":[{"@type":"SearchAction","target":{"@type":"EntryPoint","urlTemplate":"https:\/\/duram.co.il\/?s={search_term_string}"},"query-input":{"@type":"PropertyValueSpecification","valueRequired":true,"valueName":"search_term_string"}}],"inLanguage":"pt-BR"},{"@type":"Organization","@id":"https:\/\/duram.co.il\/#organization","name":"Produtos de borracha Duram","url":"https:\/\/duram.co.il\/","logo":{"@type":"ImageObject","inLanguage":"pt-BR","@id":"https:\/\/duram.co.il\/#\/schema\/logo\/image\/","url":"https:\/\/duram.co.il\/wp-content\/uploads\/2022\/11\/Duram-logo.png","contentUrl":"https:\/\/duram.co.il\/wp-content\/uploads\/2022\/11\/Duram-logo.png","width":600,"height":160,"caption":"Duram Rubber Products"},"image":{"@id":"https:\/\/duram.co.il\/#\/schema\/logo\/image\/"}}]}},"_links":{"self":[{"href":"https:\/\/duram.co.il\/pt\/wp-json\/wp\/v2\/pages\/777","targetHints":{"allow":["GET"]}}],"collection":[{"href":"https:\/\/duram.co.il\/pt\/wp-json\/wp\/v2\/pages"}],"about":[{"href":"https:\/\/duram.co.il\/pt\/wp-json\/wp\/v2\/types\/page"}],"author":[{"embeddable":true,"href":"https:\/\/duram.co.il\/pt\/wp-json\/wp\/v2\/users\/1"}],"replies":[{"embeddable":true,"href":"https:\/\/duram.co.il\/pt\/wp-json\/wp\/v2\/comments?post=777"}],"version-history":[{"count":19,"href":"https:\/\/duram.co.il\/pt\/wp-json\/wp\/v2\/pages\/777\/revisions"}],"predecessor-version":[{"id":4572,"href":"https:\/\/duram.co.il\/pt\/wp-json\/wp\/v2\/pages\/777\/revisions\/4572"}],"up":[{"embeddable":true,"href":"https:\/\/duram.co.il\/pt\/wp-json\/wp\/v2\/pages\/97"}],"wp:attachment":[{"href":"https:\/\/duram.co.il\/pt\/wp-json\/wp\/v2\/media?parent=777"}],"curies":[{"name":"wp","href":"https:\/\/api.w.org\/{rel}","templated":true}]}}