{"id":851,"date":"2022-11-17T17:01:05","date_gmt":"2022-11-17T17:01:05","guid":{"rendered":"http:\/\/s915691574.onlinehome.us\/?page_id=851"},"modified":"2024-11-14T16:22:10","modified_gmt":"2024-11-14T16:22:10","slug":"quail-pigeons-and-small-birds","status":"publish","type":"page","link":"https:\/\/duram.co.il\/pt\/products\/picking-fingers\/quail-pigeons-and-small-birds\/","title":{"rendered":"Codornas, pombos e p\u00e1ssaros pequenos"},"content":{"rendered":"<div data-elementor-type=\"wp-page\" data-elementor-id=\"851\" class=\"elementor elementor-851\" data-elementor-post-type=\"page\">\n\t\t\t\t\t\t<section class=\"elementor-section elementor-top-section elementor-element elementor-element-4c24c22 elementor-section-content-middle elementor-section-boxed elementor-section-height-default elementor-section-height-default\" data-id=\"4c24c22\" data-element_type=\"section\" data-e-type=\"section\" data-settings=\"{&quot;background_background&quot;:&quot;classic&quot;,&quot;shape_divider_bottom&quot;:&quot;waves&quot;,&quot;shape_divider_top&quot;:&quot;waves&quot;}\">\n\t\t\t\t\t\t\t<div class=\"elementor-background-overlay\"><\/div>\n\t\t\t\t\t\t<div class=\"elementor-shape elementor-shape-top\" aria-hidden=\"true\" data-negative=\"false\">\n\t\t\t<svg xmlns=\"http:\/\/www.w3.org\/2000\/svg\" viewbox=\"0 0 1000 100\" preserveaspectratio=\"none\">\n\t<path class=\"elementor-shape-fill\" d=\"M421.9,6.5c22.6-2.5,51.5,0.4,75.5,5.3c23.6,4.9,70.9,23.5,100.5,35.7c75.8,32.2,133.7,44.5,192.6,49.7\tc23.6,2.1,48.7,3.5,103.4-2.5c54.7-6,106.2-25.6,106.2-25.6V0H0v30.3c0,0,72,32.6,158.4,30.5c39.2-0.7,92.8-6.7,134-22.4\tc21.2-8.1,52.2-18.2,79.7-24.2C399.3,7.9,411.6,7.5,421.9,6.5z\"\/>\n<\/svg>\t\t<\/div>\n\t\t\t\t<div class=\"elementor-shape elementor-shape-bottom\" aria-hidden=\"true\" data-negative=\"false\">\n\t\t\t<svg xmlns=\"http:\/\/www.w3.org\/2000\/svg\" viewbox=\"0 0 1000 100\" preserveaspectratio=\"none\">\n\t<path class=\"elementor-shape-fill\" d=\"M421.9,6.5c22.6-2.5,51.5,0.4,75.5,5.3c23.6,4.9,70.9,23.5,100.5,35.7c75.8,32.2,133.7,44.5,192.6,49.7\tc23.6,2.1,48.7,3.5,103.4-2.5c54.7-6,106.2-25.6,106.2-25.6V0H0v30.3c0,0,72,32.6,158.4,30.5c39.2-0.7,92.8-6.7,134-22.4\tc21.2-8.1,52.2-18.2,79.7-24.2C399.3,7.9,411.6,7.5,421.9,6.5z\"\/>\n<\/svg>\t\t<\/div>\n\t\t\t\t\t<div class=\"elementor-container elementor-column-gap-default\">\n\t\t\t\t\t<div class=\"elementor-column elementor-col-66 elementor-top-column elementor-element elementor-element-fa9ea6c\" data-id=\"fa9ea6c\" data-element_type=\"column\" data-e-type=\"column\">\n\t\t\t<div class=\"elementor-widget-wrap elementor-element-populated\">\n\t\t\t\t\t\t<div class=\"elementor-element elementor-element-6f5f7ef elementor-widget elementor-widget-breadcrumbs\" data-id=\"6f5f7ef\" data-element_type=\"widget\" data-e-type=\"widget\" data-widget_type=\"breadcrumbs.default\">\n\t\t\t\t<div class=\"elementor-widget-container\">\n\t\t\t\t\t<p id=\"breadcrumbs\"><span><span><a href=\"https:\/\/duram.co.il\/pt\/\">In\u00edcio<\/a><\/span><\/span><\/p>\t\t\t\t<\/div>\n\t\t\t\t<\/div>\n\t\t\t\t<div class=\"elementor-element elementor-element-10611da elementor-widget elementor-widget-heading\" data-id=\"10611da\" data-element_type=\"widget\" data-e-type=\"widget\" data-widget_type=\"heading.default\">\n\t\t\t\t<div class=\"elementor-widget-container\">\n\t\t\t\t\t<h2 class=\"elementor-heading-title elementor-size-default\">Codornas, pombos e p\u00e1ssaros pequenos<\/h2>\t\t\t\t<\/div>\n\t\t\t\t<\/div>\n\t\t\t\t\t<\/div>\n\t\t<\/div>\n\t\t\t\t<div class=\"elementor-column elementor-col-33 elementor-top-column elementor-element elementor-element-805cef5\" data-id=\"805cef5\" data-element_type=\"column\" data-e-type=\"column\" data-settings=\"{&quot;background_background&quot;:&quot;classic&quot;}\">\n\t\t\t<div class=\"elementor-widget-wrap elementor-element-populated\">\n\t\t\t\t\t\t<div class=\"elementor-element elementor-element-19f5a91 elementor-widget elementor-widget-image\" data-id=\"19f5a91\" data-element_type=\"widget\" data-e-type=\"widget\" data-widget_type=\"image.default\">\n\t\t\t\t<div class=\"elementor-widget-container\">\n\t\t\t\t\t\t\t\t\t\t\t\t\t\t\t<img decoding=\"async\" src=\"https:\/\/duram.co.il\/wp-content\/uploads\/elementor\/thumbs\/pigeon-pxuship4141l2zd0vht3bj3eskd1kldg1wvbp9fi9s.jpg\" title=\"pombo\" alt=\"pigeon\" loading=\"lazy\" \/>\t\t\t\t\t\t\t\t\t\t\t\t\t\t\t<\/div>\n\t\t\t\t<\/div>\n\t\t\t\t\t<\/div>\n\t\t<\/div>\n\t\t\t\t\t<\/div>\n\t\t<\/section>\n\t\t\t\t<section class=\"elementor-section elementor-top-section elementor-element elementor-element-0231fcd elementor-section-content-middle elementor-section-boxed elementor-section-height-default elementor-section-height-default\" data-id=\"0231fcd\" data-element_type=\"section\" data-e-type=\"section\">\n\t\t\t\t\t\t<div class=\"elementor-container elementor-column-gap-default\">\n\t\t\t\t\t<div class=\"elementor-column elementor-col-100 elementor-top-column elementor-element elementor-element-2641e33\" data-id=\"2641e33\" data-element_type=\"column\" data-e-type=\"column\">\n\t\t\t<div class=\"elementor-widget-wrap elementor-element-populated\">\n\t\t\t\t\t\t<div class=\"elementor-element elementor-element-42284e0 elementor-widget elementor-widget-heading\" data-id=\"42284e0\" data-element_type=\"widget\" data-e-type=\"widget\" data-widget_type=\"heading.default\">\n\t\t\t\t<div class=\"elementor-widget-container\">\n\t\t\t\t\t<h2 class=\"elementor-heading-title elementor-size-default\">Desempenho eficiente e longa dura\u00e7\u00e3o<\/h2>\t\t\t\t<\/div>\n\t\t\t\t<\/div>\n\t\t\t\t<div class=\"elementor-element elementor-element-e8018f9 elementor-widget elementor-widget-text-editor\" data-id=\"e8018f9\" data-element_type=\"widget\" data-e-type=\"widget\" data-widget_type=\"text-editor.default\">\n\t\t\t\t<div class=\"elementor-widget-container\">\n\t\t\t\t\t\t\t\t\t<p>A Duram Rubber Products \u00e9 um dos principais fabricantes de dedos de recolhimento para m\u00e1quinas autom\u00e1ticas de remo\u00e7\u00e3o de penas. A Duram produz uma ampla gama de dedos de picking de alta qualidade para todos os tipos de equipamentos de picking dispon\u00edveis no mercado internacional. Os dedos da Duram s\u00e3o<br \/>produzidos por modernos equipamentos controlados por computador em grandes quantidades e s\u00e3o distribu\u00eddos em v\u00e1rios pa\u00edses do mundo.<\/p><p>O uso apenas de mat\u00e9rias-primas de alta qualidade, t\u00e9cnicas de produ\u00e7\u00e3o progressivas, design cuidadoso e controle de qualidade rigoroso em todos os est\u00e1gios de produ\u00e7\u00e3o garantem o desempenho eficiente dos dedos e a longa dura\u00e7\u00e3o do coletor, economizando custos e tempo de substitui\u00e7\u00e3o.<\/p><p>A ampla variedade de dedos e graus de dureza permite que cada planta escolha os melhores dedos para suas condi\u00e7\u00f5es e necessidades espec\u00edficas.<\/p><p>Todos os compostos de borracha usados nos dedos do Duram s\u00e3o aprovados pelo USDA e s\u00e3o seguros para contato com alimentos. Os dedos Duram tamb\u00e9m est\u00e3o dispon\u00edveis em um formato antibacteriano. Fabricados com um composto especial, sofisticado e exclusivo que impede o crescimento de bact\u00e9rias como<br \/>Salmonela nos dedos, esses dedos est\u00e3o dispon\u00edveis em todos os tamanhos e graus de dureza.<\/p>\t\t\t\t\t\t\t\t<\/div>\n\t\t\t\t<\/div>\n\t\t\t\t\t<\/div>\n\t\t<\/div>\n\t\t\t\t\t<\/div>\n\t\t<\/section>\n\t\t\t\t<section class=\"elementor-section elementor-top-section elementor-element elementor-element-818f40e elementor-section-boxed elementor-section-height-default elementor-section-height-default\" data-id=\"818f40e\" data-element_type=\"section\" data-e-type=\"section\">\n\t\t\t\t\t\t<div class=\"elementor-container elementor-column-gap-default\">\n\t\t\t\t\t<div class=\"elementor-column elementor-col-100 elementor-top-column elementor-element elementor-element-1caca7a\" data-id=\"1caca7a\" data-element_type=\"column\" data-e-type=\"column\">\n\t\t\t<div class=\"elementor-widget-wrap elementor-element-populated\">\n\t\t\t\t\t\t<section class=\"elementor-section elementor-inner-section elementor-element elementor-element-f242b6d elementor-section-boxed elementor-section-height-default elementor-section-height-default\" data-id=\"f242b6d\" data-element_type=\"section\" data-e-type=\"section\">\n\t\t\t\t\t\t<div class=\"elementor-container elementor-column-gap-default\">\n\t\t\t\t\t<div class=\"elementor-column elementor-col-25 elementor-inner-column elementor-element elementor-element-7b0ab12\" data-id=\"7b0ab12\" data-element_type=\"column\" data-e-type=\"column\">\n\t\t\t<div class=\"elementor-widget-wrap elementor-element-populated\">\n\t\t\t\t\t\t<div class=\"elementor-element elementor-element-c307786 elementor-widget elementor-widget-image\" data-id=\"c307786\" data-element_type=\"widget\" data-e-type=\"widget\" data-widget_type=\"image.default\">\n\t\t\t\t<div class=\"elementor-widget-container\">\n\t\t\t\t\t\t\t\t\t\t\t\t<figure class=\"wp-caption\">\n\t\t\t\t\t\t\t\t\t\t<img decoding=\"async\" src=\"https:\/\/duram.co.il\/wp-content\/uploads\/elementor\/thumbs\/20220905_115542-01-puloo5mxxrmhlmhy0wy03oku9i4u5c4n1hthyomowk.jpeg\" title=\"20220905_115542-01\" alt=\"20220905_115542-01\" loading=\"lazy\" \/>\t\t\t\t\t\t\t\t\t\t\t<figcaption class=\"widget-image-caption wp-caption-text\"><\/figcaption>\n\t\t\t\t\t\t\t\t\t\t<\/figure>\n\t\t\t\t\t\t\t\t\t<\/div>\n\t\t\t\t<\/div>\n\t\t\t\t\t<\/div>\n\t\t<\/div>\n\t\t\t\t<div class=\"elementor-column elementor-col-25 elementor-inner-column elementor-element elementor-element-3a921b1\" data-id=\"3a921b1\" data-element_type=\"column\" data-e-type=\"column\">\n\t\t\t<div class=\"elementor-widget-wrap elementor-element-populated\">\n\t\t\t\t\t\t<div class=\"elementor-element elementor-element-57ee4a0 elementor-widget elementor-widget-image\" data-id=\"57ee4a0\" data-element_type=\"widget\" data-e-type=\"widget\" data-widget_type=\"image.default\">\n\t\t\t\t<div class=\"elementor-widget-container\">\n\t\t\t\t\t\t\t\t\t\t\t\t<figure class=\"wp-caption\">\n\t\t\t\t\t\t\t\t\t\t<img decoding=\"async\" src=\"https:\/\/duram.co.il\/wp-content\/uploads\/elementor\/thumbs\/picking1-pswfe7ruv2s44yteiocqxyh87z1ok0kflrsdsuvx5g.jpg\" title=\"picking1\" alt=\"picking1\" loading=\"lazy\" \/>\t\t\t\t\t\t\t\t\t\t\t<figcaption class=\"widget-image-caption wp-caption-text\"><\/figcaption>\n\t\t\t\t\t\t\t\t\t\t<\/figure>\n\t\t\t\t\t\t\t\t\t<\/div>\n\t\t\t\t<\/div>\n\t\t\t\t\t<\/div>\n\t\t<\/div>\n\t\t\t\t<div class=\"elementor-column elementor-col-25 elementor-inner-column elementor-element elementor-element-ad412bd\" data-id=\"ad412bd\" data-element_type=\"column\" data-e-type=\"column\">\n\t\t\t<div class=\"elementor-widget-wrap\">\n\t\t\t\t\t\t\t<\/div>\n\t\t<\/div>\n\t\t\t\t<div class=\"elementor-column elementor-col-25 elementor-inner-column elementor-element elementor-element-a749c09\" data-id=\"a749c09\" data-element_type=\"column\" data-e-type=\"column\">\n\t\t\t<div class=\"elementor-widget-wrap\">\n\t\t\t\t\t\t\t<\/div>\n\t\t<\/div>\n\t\t\t\t\t<\/div>\n\t\t<\/section>\n\t\t\t\t\t<\/div>\n\t\t<\/div>\n\t\t\t\t\t<\/div>\n\t\t<\/section>\n\t\t\t\t<\/div>","protected":false},"excerpt":{"rendered":"<p>Efficient performance and long duration Duram Rubber Products is one of the leading manufacturers of picking fingers for automatic defeathering machines. Duram produces a wide range of high-quality picking fingers for all types of picking equipment available on the international market. Duram fingers areproduced by modern computer-controlled equipment in large quantities and are distributed in [&hellip;]<\/p>\n","protected":false},"author":1,"featured_media":0,"parent":91,"menu_order":0,"comment_status":"closed","ping_status":"closed","template":"elementor_header_footer","meta":{"_acf_changed":false,"footnotes":""},"class_list":["post-851","page","type-page","status-publish","hentry"],"acf":[],"yoast_head":"<!-- This site is optimized with the Yoast SEO plugin v27.3 - https:\/\/yoast.com\/product\/yoast-seo-wordpress\/ -->\n<title>Quail, Pigeons and small birds - Duram Rubber Products<\/title>\n<meta name=\"robots\" content=\"index, follow, max-snippet:-1, max-image-preview:large, max-video-preview:-1\" \/>\n<link rel=\"canonical\" href=\"https:\/\/duram.co.il\/pt\/products\/picking-fingers\/quail-pigeons-and-small-birds\/\" \/>\n<meta property=\"og:locale\" content=\"pt_BR\" \/>\n<meta property=\"og:type\" content=\"article\" \/>\n<meta property=\"og:title\" content=\"Quail, Pigeons and small birds - Duram Rubber Products\" \/>\n<meta property=\"og:description\" content=\"Efficient performance and long duration Duram Rubber Products is one of the leading manufacturers of picking fingers for automatic defeathering machines. Duram produces a wide range of high-quality picking fingers for all types of picking equipment available on the international market. Duram fingers areproduced by modern computer-controlled equipment in large quantities and are distributed in [&hellip;]\" \/>\n<meta property=\"og:url\" content=\"https:\/\/duram.co.il\/pt\/products\/picking-fingers\/quail-pigeons-and-small-birds\/\" \/>\n<meta property=\"og:site_name\" content=\"Duram Rubber Products\" \/>\n<meta property=\"article:modified_time\" content=\"2024-11-14T16:22:10+00:00\" \/>\n<meta property=\"og:image\" content=\"https:\/\/duram.co.il\/wp-content\/uploads\/elementor\/thumbs\/pigeon-pxuship4141l2zd0vht3bj3eskd1kldg1wvbp9fi9s.jpg\" \/>\n<meta name=\"twitter:card\" content=\"summary_large_image\" \/>\n<meta name=\"twitter:label1\" content=\"Est. tempo de leitura\" \/>\n\t<meta name=\"twitter:data1\" content=\"2 minutos\" \/>\n<script type=\"application\/ld+json\" class=\"yoast-schema-graph\">{\"@context\":\"https:\\\/\\\/schema.org\",\"@graph\":[{\"@type\":\"WebPage\",\"@id\":\"https:\\\/\\\/duram.co.il\\\/products\\\/picking-fingers\\\/quail-pigeons-and-small-birds\\\/\",\"url\":\"https:\\\/\\\/duram.co.il\\\/products\\\/picking-fingers\\\/quail-pigeons-and-small-birds\\\/\",\"name\":\"Quail, Pigeons and small birds - Duram Rubber Products\",\"isPartOf\":{\"@id\":\"https:\\\/\\\/duram.co.il\\\/#website\"},\"primaryImageOfPage\":{\"@id\":\"https:\\\/\\\/duram.co.il\\\/products\\\/picking-fingers\\\/quail-pigeons-and-small-birds\\\/#primaryimage\"},\"image\":{\"@id\":\"https:\\\/\\\/duram.co.il\\\/products\\\/picking-fingers\\\/quail-pigeons-and-small-birds\\\/#primaryimage\"},\"thumbnailUrl\":\"https:\\\/\\\/duram.co.il\\\/wp-content\\\/uploads\\\/elementor\\\/thumbs\\\/pigeon-pxuship4141l2zd0vht3bj3eskd1kldg1wvbp9fi9s.jpg\",\"datePublished\":\"2022-11-17T17:01:05+00:00\",\"dateModified\":\"2024-11-14T16:22:10+00:00\",\"breadcrumb\":{\"@id\":\"https:\\\/\\\/duram.co.il\\\/products\\\/picking-fingers\\\/quail-pigeons-and-small-birds\\\/#breadcrumb\"},\"inLanguage\":\"pt-BR\",\"potentialAction\":[{\"@type\":\"ReadAction\",\"target\":[\"https:\\\/\\\/duram.co.il\\\/products\\\/picking-fingers\\\/quail-pigeons-and-small-birds\\\/\"]}]},{\"@type\":\"ImageObject\",\"inLanguage\":\"pt-BR\",\"@id\":\"https:\\\/\\\/duram.co.il\\\/products\\\/picking-fingers\\\/quail-pigeons-and-small-birds\\\/#primaryimage\",\"url\":\"https:\\\/\\\/duram.co.il\\\/wp-content\\\/uploads\\\/elementor\\\/thumbs\\\/pigeon-pxuship4141l2zd0vht3bj3eskd1kldg1wvbp9fi9s.jpg\",\"contentUrl\":\"https:\\\/\\\/duram.co.il\\\/wp-content\\\/uploads\\\/elementor\\\/thumbs\\\/pigeon-pxuship4141l2zd0vht3bj3eskd1kldg1wvbp9fi9s.jpg\"},{\"@type\":\"BreadcrumbList\",\"@id\":\"https:\\\/\\\/duram.co.il\\\/products\\\/picking-fingers\\\/quail-pigeons-and-small-birds\\\/#breadcrumb\",\"itemListElement\":[{\"@type\":\"ListItem\",\"position\":1,\"name\":\"Home\",\"item\":\"https:\\\/\\\/duram.co.il\\\/\"},{\"@type\":\"ListItem\",\"position\":2,\"name\":\"Products\",\"item\":\"https:\\\/\\\/duram.co.il\\\/products\\\/\"},{\"@type\":\"ListItem\",\"position\":3,\"name\":\"Picking Fingers\",\"item\":\"https:\\\/\\\/duram.co.il\\\/products\\\/picking-fingers\\\/\"},{\"@type\":\"ListItem\",\"position\":4,\"name\":\"Quail, Pigeons and small birds\"}]},{\"@type\":\"WebSite\",\"@id\":\"https:\\\/\\\/duram.co.il\\\/#website\",\"url\":\"https:\\\/\\\/duram.co.il\\\/\",\"name\":\"Duram Rubber Products\",\"description\":\"\u05d3\u05d5\u05e8\u05dd \u05de\u05d5\u05e6\u05e8\u05d9 \u05d2\u05d5\u05de\u05d9 \u05d1\u05d4\u05d6\u05e8\u05e7\u05d4\",\"publisher\":{\"@id\":\"https:\\\/\\\/duram.co.il\\\/#organization\"},\"potentialAction\":[{\"@type\":\"SearchAction\",\"target\":{\"@type\":\"EntryPoint\",\"urlTemplate\":\"https:\\\/\\\/duram.co.il\\\/?s={search_term_string}\"},\"query-input\":{\"@type\":\"PropertyValueSpecification\",\"valueRequired\":true,\"valueName\":\"search_term_string\"}}],\"inLanguage\":\"pt-BR\"},{\"@type\":\"Organization\",\"@id\":\"https:\\\/\\\/duram.co.il\\\/#organization\",\"name\":\"Duram Rubber Products\",\"url\":\"https:\\\/\\\/duram.co.il\\\/\",\"logo\":{\"@type\":\"ImageObject\",\"inLanguage\":\"pt-BR\",\"@id\":\"https:\\\/\\\/duram.co.il\\\/#\\\/schema\\\/logo\\\/image\\\/\",\"url\":\"https:\\\/\\\/duram.co.il\\\/wp-content\\\/uploads\\\/2022\\\/11\\\/Duram-logo.png\",\"contentUrl\":\"https:\\\/\\\/duram.co.il\\\/wp-content\\\/uploads\\\/2022\\\/11\\\/Duram-logo.png\",\"width\":600,\"height\":160,\"caption\":\"Duram Rubber Products\"},\"image\":{\"@id\":\"https:\\\/\\\/duram.co.il\\\/#\\\/schema\\\/logo\\\/image\\\/\"}}]}<\/script>\n<!-- \/ Yoast SEO plugin. -->","yoast_head_json":{"title":"Codornas, pombos e p\u00e1ssaros pequenos - Duram Rubber Products","robots":{"index":"index","follow":"follow","max-snippet":"max-snippet:-1","max-image-preview":"max-image-preview:large","max-video-preview":"max-video-preview:-1"},"canonical":"https:\/\/duram.co.il\/pt\/products\/picking-fingers\/quail-pigeons-and-small-birds\/","og_locale":"pt_BR","og_type":"article","og_title":"Quail, Pigeons and small birds - Duram Rubber Products","og_description":"Efficient performance and long duration Duram Rubber Products is one of the leading manufacturers of picking fingers for automatic defeathering machines. Duram produces a wide range of high-quality picking fingers for all types of picking equipment available on the international market. Duram fingers areproduced by modern computer-controlled equipment in large quantities and are distributed in [&hellip;]","og_url":"https:\/\/duram.co.il\/pt\/products\/picking-fingers\/quail-pigeons-and-small-birds\/","og_site_name":"Duram Rubber Products","article_modified_time":"2024-11-14T16:22:10+00:00","og_image":[{"url":"https:\/\/duram.co.il\/wp-content\/uploads\/elementor\/thumbs\/pigeon-pxuship4141l2zd0vht3bj3eskd1kldg1wvbp9fi9s.jpg","type":"","width":"","height":""}],"twitter_card":"summary_large_image","twitter_misc":{"Est. tempo de leitura":"2 minutos"},"schema":{"@context":"https:\/\/schema.org","@graph":[{"@type":"WebPage","@id":"https:\/\/duram.co.il\/products\/picking-fingers\/quail-pigeons-and-small-birds\/","url":"https:\/\/duram.co.il\/products\/picking-fingers\/quail-pigeons-and-small-birds\/","name":"Codornas, pombos e p\u00e1ssaros pequenos - Duram Rubber Products","isPartOf":{"@id":"https:\/\/duram.co.il\/#website"},"primaryImageOfPage":{"@id":"https:\/\/duram.co.il\/products\/picking-fingers\/quail-pigeons-and-small-birds\/#primaryimage"},"image":{"@id":"https:\/\/duram.co.il\/products\/picking-fingers\/quail-pigeons-and-small-birds\/#primaryimage"},"thumbnailUrl":"https:\/\/duram.co.il\/wp-content\/uploads\/elementor\/thumbs\/pigeon-pxuship4141l2zd0vht3bj3eskd1kldg1wvbp9fi9s.jpg","datePublished":"2022-11-17T17:01:05+00:00","dateModified":"2024-11-14T16:22:10+00:00","breadcrumb":{"@id":"https:\/\/duram.co.il\/products\/picking-fingers\/quail-pigeons-and-small-birds\/#breadcrumb"},"inLanguage":"pt-BR","potentialAction":[{"@type":"ReadAction","target":["https:\/\/duram.co.il\/products\/picking-fingers\/quail-pigeons-and-small-birds\/"]}]},{"@type":"ImageObject","inLanguage":"pt-BR","@id":"https:\/\/duram.co.il\/products\/picking-fingers\/quail-pigeons-and-small-birds\/#primaryimage","url":"https:\/\/duram.co.il\/wp-content\/uploads\/elementor\/thumbs\/pigeon-pxuship4141l2zd0vht3bj3eskd1kldg1wvbp9fi9s.jpg","contentUrl":"https:\/\/duram.co.il\/wp-content\/uploads\/elementor\/thumbs\/pigeon-pxuship4141l2zd0vht3bj3eskd1kldg1wvbp9fi9s.jpg"},{"@type":"BreadcrumbList","@id":"https:\/\/duram.co.il\/products\/picking-fingers\/quail-pigeons-and-small-birds\/#breadcrumb","itemListElement":[{"@type":"ListItem","position":1,"name":"Home","item":"https:\/\/duram.co.il\/"},{"@type":"ListItem","position":2,"name":"Products","item":"https:\/\/duram.co.il\/products\/"},{"@type":"ListItem","position":3,"name":"Picking Fingers","item":"https:\/\/duram.co.il\/products\/picking-fingers\/"},{"@type":"ListItem","position":4,"name":"Quail, Pigeons and small birds"}]},{"@type":"WebSite","@id":"https:\/\/duram.co.il\/#website","url":"https:\/\/duram.co.il\/","name":"Produtos de borracha Duram","description":"\u05d3\u05d5\u05e8\u05dd \u05de\u05d5\u05e6\u05e8\u05d9 \u05d2\u05d5\u05de\u05d9 \u05d1\u05d4\u05d6\u05e8\u05e7\u05d4","publisher":{"@id":"https:\/\/duram.co.il\/#organization"},"potentialAction":[{"@type":"SearchAction","target":{"@type":"EntryPoint","urlTemplate":"https:\/\/duram.co.il\/?s={search_term_string}"},"query-input":{"@type":"PropertyValueSpecification","valueRequired":true,"valueName":"search_term_string"}}],"inLanguage":"pt-BR"},{"@type":"Organization","@id":"https:\/\/duram.co.il\/#organization","name":"Produtos de borracha Duram","url":"https:\/\/duram.co.il\/","logo":{"@type":"ImageObject","inLanguage":"pt-BR","@id":"https:\/\/duram.co.il\/#\/schema\/logo\/image\/","url":"https:\/\/duram.co.il\/wp-content\/uploads\/2022\/11\/Duram-logo.png","contentUrl":"https:\/\/duram.co.il\/wp-content\/uploads\/2022\/11\/Duram-logo.png","width":600,"height":160,"caption":"Duram Rubber Products"},"image":{"@id":"https:\/\/duram.co.il\/#\/schema\/logo\/image\/"}}]}},"_links":{"self":[{"href":"https:\/\/duram.co.il\/pt\/wp-json\/wp\/v2\/pages\/851","targetHints":{"allow":["GET"]}}],"collection":[{"href":"https:\/\/duram.co.il\/pt\/wp-json\/wp\/v2\/pages"}],"about":[{"href":"https:\/\/duram.co.il\/pt\/wp-json\/wp\/v2\/types\/page"}],"author":[{"embeddable":true,"href":"https:\/\/duram.co.il\/pt\/wp-json\/wp\/v2\/users\/1"}],"replies":[{"embeddable":true,"href":"https:\/\/duram.co.il\/pt\/wp-json\/wp\/v2\/comments?post=851"}],"version-history":[{"count":13,"href":"https:\/\/duram.co.il\/pt\/wp-json\/wp\/v2\/pages\/851\/revisions"}],"predecessor-version":[{"id":4581,"href":"https:\/\/duram.co.il\/pt\/wp-json\/wp\/v2\/pages\/851\/revisions\/4581"}],"up":[{"embeddable":true,"href":"https:\/\/duram.co.il\/pt\/wp-json\/wp\/v2\/pages\/91"}],"wp:attachment":[{"href":"https:\/\/duram.co.il\/pt\/wp-json\/wp\/v2\/media?parent=851"}],"curies":[{"name":"wp","href":"https:\/\/api.w.org\/{rel}","templated":true}]}}